{"id":338,"date":"2025-08-21T13:23:56","date_gmt":"2025-08-21T16:23:56","guid":{"rendered":"https:\/\/projetos.ufpr.br\/lixozero\/?page_id=338"},"modified":"2025-08-24T21:27:05","modified_gmt":"2025-08-25T00:27:05","slug":"metodologia-lixo-zero","status":"publish","type":"page","link":"https:\/\/projetos.ufpr.br\/lixozero\/sobre-o-projeto\/metodologia-lixo-zero\/","title":{"rendered":"O que \u00e9 &#8220;Lixo Zero&#8221;?"},"content":{"rendered":"\n<p>Conceito definido pela <a href=\"https:\/\/zwia.org\/\">Zero Waste International Alliance \u2013 ZWIA<\/a>:<\/p>\n\n\n\n<blockquote class=\"wp-block-quote is-layout-flow wp-block-quote-is-layout-flow\">\n<p> \u201cLixo Zero \u00e9 uma meta \u00e9tica, econ\u00f4mica, eficiente e vision\u00e1ria, para orientar as pessoas a mudarem seus estilos de vida e pr\u00e1ticas para imitar ciclos naturais sustent\u00e1veis, onde todos os materiais descartados s\u00e3o projetados para se tornarem recursos para outros usarem.<\/p>\n\n\n\n<p>Lixo Zero significa projetar e gerenciar produtos e processos para evitar e eliminar sistematicamente o volume e a toxicidade de res\u00edduos e materiais, conservar e recuperar todos os recursos e n\u00e3o queim\u00e1-los ou enterr\u00e1-los.<\/p>\n\n\n\n<p>A implementa\u00e7\u00e3o do Lixo Zero eliminar\u00e1 todas as descargas na terra, na \u00e1gua ou no ar que sejam uma amea\u00e7a \u00e0 sa\u00fade planet\u00e1ria, humana, animal ou vegetal.\u201d<\/p>\n<\/blockquote>\n\n\n\n<p>A metodologia Lixo Zero prop\u00f5e a redu\u00e7\u00e3o m\u00e1xima da gera\u00e7\u00e3o de res\u00edduos e a destina\u00e7\u00e3o ambientalmente adequada de pelo menos 90% deles, evitando seu envio para aterros sanit\u00e1rios, incinera\u00e7\u00e3o ou descarte irregular. Para isso, adota estrat\u00e9gias baseadas na redu\u00e7\u00e3o, reutiliza\u00e7\u00e3o, reciclagem, compostagem, educa\u00e7\u00e3o ambiental e no princ\u00edpio da responsabilidade compartilhada entre governo, empresas e sociedade.<\/p>\n\n\n\n<p>A implementa\u00e7\u00e3o do conceito segue tr\u00eas etapas principais:<\/p>\n\n\n\n<ol class=\"wp-block-list\">\n<li><strong>DIAGN\u00d3STICO <\/strong>\u2013 Levantamento da situa\u00e7\u00e3o atual, incluindo an\u00e1lise gravim\u00e9trica dos res\u00edduos gerados.<br><\/li>\n\n\n\n<li><strong>PLANO DE A\u00c7\u00c3O<\/strong> \u2013 Elabora\u00e7\u00e3o de estrat\u00e9gias e planejamento das medidas a serem implementadas.<br><\/li>\n\n\n\n<li><strong>EXECU\u00c7\u00c3O E ACOMPANHAMENTO<\/strong> \u2013 Aplica\u00e7\u00e3o das a\u00e7\u00f5es propostas e monitoramento cont\u00ednuo dos resultados.<br><\/li>\n<\/ol>\n\n\n\n<h2 class=\"wp-block-heading\"><strong>Fundamentos complementares<\/strong><\/h2>\n\n\n\n<p>Dois outros conceitos complementam o conceito Lixo Zero na constru\u00e7\u00e3o de um sistema mais sustent\u00e1vel e justo: <strong>Economia Circular e Economia Solid\u00e1ria<\/strong>.<\/p>\n\n\n\n<p>A <strong>Economia Circular<\/strong> prop\u00f5e um modelo sustent\u00e1vel em que os recursos s\u00e3o mantidos em uso pelo maior tempo poss\u00edvel, reduzindo desperd\u00edcios e promovendo a reciclagem, o reuso e a revaloriza\u00e7\u00e3o de materiais. Seu objetivo \u00e9 substituir o modelo linear de consumo (extrair-produzir-descartar) por um sistema regenerativo, que fecha os ciclos produtivos e minimiza impactos ambientais.<br><br>A <strong>Economia Solid\u00e1ria<\/strong>, por sua vez, valoriza a coopera\u00e7\u00e3o, a autogest\u00e3o e a inclus\u00e3o social, promovendo alternativas sustent\u00e1veis de trabalho e gera\u00e7\u00e3o de renda, especialmente para comunidades vulner\u00e1veis. Isso inclui o fortalecimento de cooperativas de reciclagem e redes de produ\u00e7\u00e3o sustent\u00e1veis, integrando aspectos sociais e ambientais para garantir benef\u00edcios tanto para as pessoas quanto para o meio ambiente.<\/p>\n\n\n\n<p class=\"has-background\" style=\"background-color:#d3ebff\">A tr\u00edade <strong>Lixo Zero + Economia Circular<\/strong> <strong>+ Economia Solid\u00e1ria<\/strong> orienta todas as a\u00e7\u00f5es do Projeto de Extens\u00e3o UFPR Lixo Zero.<\/p>\n\n\n\n<p><\/p>\n\n\n\n<p class=\"has-small-font-size\">Fontes:<br><em>Zero Waste Definition.<\/em> Acessado em 24 de agosto de 2025. Dispon\u00edvel em: <a href=\"https:\/\/zwia.org\/zero-waste-definition\/\">https:\/\/zwia.org\/zero-waste-definition\/<\/a>.<br><em>What is the meaning of a circular economy and what are the main principles? <\/em>Acessado em 24 de agosto de 2025. Dispon\u00edvel em: <a href=\"https:\/\/www.ellenmacarthurfoundation.org\/topics\/circular-economy-introduction\/overview\">https:\/\/www.ellenmacarthurfoundation.org\/topics\/circular-economy-introduction\/overview<\/a>.<br>Paul Singer (2013). <em>Introdu\u00e7\u00e3o \u00e0 Economia Solid\u00e1ria.<\/em> S\u00e3o Paulo: Funda\u00e7\u00e3o Perseu Abramo, 2002.<\/p>\n","protected":false},"excerpt":{"rendered":"<p>Conceito definido pela Zero Waste International Alliance \u2013 ZWIA: \u201cLixo Zero \u00e9 uma meta \u00e9tica, econ\u00f4mica, eficiente e vision\u00e1ria, para orientar as pessoas a mudarem seus estilos de vida e pr\u00e1ticas para imitar ciclos naturais sustent\u00e1veis, onde todos os materiais descartados s\u00e3o projetados para se tornarem recursos para outros usarem. Lixo Zero significa projetar e [&hellip;]<\/p>\n","protected":false},"author":89,"featured_media":0,"parent":26,"menu_order":2,"comment_status":"closed","ping_status":"closed","template":"","meta":{"footnotes":""},"class_list":["post-338","page","type-page","status-publish","hentry"],"_links":{"self":[{"href":"https:\/\/projetos.ufpr.br\/lixozero\/wp-json\/wp\/v2\/pages\/338","targetHints":{"allow":["GET"]}}],"collection":[{"href":"https:\/\/projetos.ufpr.br\/lixozero\/wp-json\/wp\/v2\/pages"}],"about":[{"href":"https:\/\/projetos.ufpr.br\/lixozero\/wp-json\/wp\/v2\/types\/page"}],"author":[{"embeddable":true,"href":"https:\/\/projetos.ufpr.br\/lixozero\/wp-json\/wp\/v2\/users\/89"}],"replies":[{"embeddable":true,"href":"https:\/\/projetos.ufpr.br\/lixozero\/wp-json\/wp\/v2\/comments?post=338"}],"version-history":[{"count":5,"href":"https:\/\/projetos.ufpr.br\/lixozero\/wp-json\/wp\/v2\/pages\/338\/revisions"}],"predecessor-version":[{"id":629,"href":"https:\/\/projetos.ufpr.br\/lixozero\/wp-json\/wp\/v2\/pages\/338\/revisions\/629"}],"up":[{"embeddable":true,"href":"https:\/\/projetos.ufpr.br\/lixozero\/wp-json\/wp\/v2\/pages\/26"}],"wp:attachment":[{"href":"https:\/\/projetos.ufpr.br\/lixozero\/wp-json\/wp\/v2\/media?parent=338"}],"curies":[{"name":"wp","href":"https:\/\/api.w.org\/{rel}","templated":true}]}}