{"id":177,"date":"2024-10-01T11:11:58","date_gmt":"2024-10-01T14:11:58","guid":{"rendered":"https:\/\/projetos.ufpr.br\/memoria\/?page_id=177"},"modified":"2024-12-16T10:25:53","modified_gmt":"2024-12-16T13:25:53","slug":"historias-da-universidade","status":"publish","type":"page","link":"https:\/\/projetos.ufpr.br\/memoria\/historias-da-universidade\/","title":{"rendered":"Hist\u00f3rias da Universidade (em ordem cronol\u00f3gica)"},"content":{"rendered":"\n<h2 class=\"wp-block-heading\">Hist\u00f3rias da Universidade (em ordem cronol\u00f3gica)<\/h2>\n\n\n\n<div style=\"height:35px\" aria-hidden=\"true\" class=\"wp-block-spacer\"><\/div>\n\n\n\n<div class=\"wp-block-columns is-layout-flex wp-container-core-columns-is-layout-9d6595d7 wp-block-columns-is-layout-flex\">\n<div class=\"wp-block-column is-layout-flow wp-block-column-is-layout-flow\">\n<div class=\"wp-block-media-text is-stacked-on-mobile is-vertically-aligned-top\" style=\"grid-template-columns:35% auto\"><figure class=\"wp-block-media-text__media\"><a href=\"https:\/\/acervodigital.ufpr.br\/xmlui\/handle\/1884\/91895\" target=\"_blank\" rel=\"noreferrer noopener\"><img loading=\"lazy\" decoding=\"async\" width=\"355\" height=\"502\" src=\"https:\/\/projetos.ufpr.br\/memoria\/wp-content\/uploads\/sites\/10\/2024\/10\/Universidade-do-Parana2.jpg\" alt=\"\" class=\"wp-image-1667 size-full\" srcset=\"https:\/\/projetos.ufpr.br\/memoria\/wp-content\/uploads\/sites\/10\/2024\/10\/Universidade-do-Parana2.jpg 355w, https:\/\/projetos.ufpr.br\/memoria\/wp-content\/uploads\/sites\/10\/2024\/10\/Universidade-do-Parana2-212x300.jpg 212w, https:\/\/projetos.ufpr.br\/memoria\/wp-content\/uploads\/sites\/10\/2024\/10\/Universidade-do-Parana2-69x98.jpg 69w, https:\/\/projetos.ufpr.br\/memoria\/wp-content\/uploads\/sites\/10\/2024\/10\/Universidade-do-Parana2-40x57.jpg 40w\" sizes=\"auto, (max-width: 355px) 100vw, 355px\" \/><\/a><\/figure><div class=\"wp-block-media-text__content\">\n<p class=\"has-black-color has-text-color has-link-color wp-elements-a20419cea639f70be4b8616814c4a25d\"><strong><a href=\"https:\/\/acervodigital.ufpr.br\/xmlui\/handle\/1884\/91895\" target=\"_blank\" rel=\"noreferrer noopener\">Universidade do Paran\u00e1<\/a><\/strong><br>Furtado, Jucundino da Silva<br>(Servi\u00e7o de Pa\u00edses S.A.,\u00a01950)<\/p>\n\n\n\n<div class=\"wp-block-buttons has-custom-font-size has-small-font-size is-layout-flex wp-block-buttons-is-layout-flex\">\n<div class=\"wp-block-button\"><a class=\"wp-block-button__link wp-element-button\" href=\"https:\/\/acervodigital.ufpr.br\/xmlui\/handle\/1884\/91895\" target=\"_blank\" rel=\"noreferrer noopener\">acessar<\/a><\/div>\n<\/div>\n\n\n\n<p class=\"has-black-color has-text-color has-link-color wp-elements-3fbc4ff161f5ab7a50f8464c2c17e821\"><\/p>\n<\/div><\/div>\n<\/div>\n\n\n\n<div class=\"wp-block-column is-layout-flow wp-block-column-is-layout-flow\">\n<div class=\"wp-block-media-text is-vertically-aligned-top\" style=\"grid-template-columns:35% auto\"><figure class=\"wp-block-media-text__media\"><a href=\"https:\/\/acervodigital.ufpr.br\/xmlui\/handle\/1884\/89937\" target=\"_blank\" rel=\"noreferrer noopener\"><img loading=\"lazy\" decoding=\"async\" width=\"532\" height=\"750\" src=\"https:\/\/projetos.ufpr.br\/memoria\/wp-content\/uploads\/sites\/10\/2024\/10\/Educacao-universidade-e-historia-da-primeira-universidade-do-Brasil-6.jpg\" alt=\"\" class=\"wp-image-856 size-full\" srcset=\"https:\/\/projetos.ufpr.br\/memoria\/wp-content\/uploads\/sites\/10\/2024\/10\/Educacao-universidade-e-historia-da-primeira-universidade-do-Brasil-6.jpg 532w, https:\/\/projetos.ufpr.br\/memoria\/wp-content\/uploads\/sites\/10\/2024\/10\/Educacao-universidade-e-historia-da-primeira-universidade-do-Brasil-6-213x300.jpg 213w, https:\/\/projetos.ufpr.br\/memoria\/wp-content\/uploads\/sites\/10\/2024\/10\/Educacao-universidade-e-historia-da-primeira-universidade-do-Brasil-6-70x98.jpg 70w, https:\/\/projetos.ufpr.br\/memoria\/wp-content\/uploads\/sites\/10\/2024\/10\/Educacao-universidade-e-historia-da-primeira-universidade-do-Brasil-6-40x57.jpg 40w\" sizes=\"auto, (max-width: 532px) 100vw, 532px\" \/><\/a><\/figure><div class=\"wp-block-media-text__content\">\n<p class=\"has-black-color has-text-color has-link-color wp-elements-0d26e0addd27adc7e7aa9f9538505df8\"><strong><a href=\"https:\/\/acervodigital.ufpr.br\/xmlui\/handle\/1884\/89937\" target=\"_blank\" rel=\"noreferrer noopener\">Educa\u00e7\u00e3o, universidade e hist\u00f3ria da primeira universidade do Brasil<\/a><br><\/strong>David Carneiro<br>(Imprensa da UFPR, 1972)<\/p>\n\n\n\n<div class=\"wp-block-buttons has-custom-font-size has-small-font-size is-layout-flex wp-block-buttons-is-layout-flex\">\n<div class=\"wp-block-button\"><a class=\"wp-block-button__link wp-element-button\" href=\"https:\/\/acervodigital.ufpr.br\/xmlui\/handle\/1884\/89937\" target=\"_blank\" rel=\"noreferrer noopener\">acessar<\/a><\/div>\n<\/div>\n\n\n\n<p><\/p>\n<\/div><\/div>\n<\/div>\n<\/div>\n\n\n\n<div style=\"height:30px\" aria-hidden=\"true\" class=\"wp-block-spacer\"><\/div>\n\n\n\n<div class=\"wp-block-columns is-layout-flex wp-container-core-columns-is-layout-9d6595d7 wp-block-columns-is-layout-flex\">\n<div class=\"wp-block-column is-layout-flow wp-block-column-is-layout-flow\">\n<div class=\"wp-block-media-text is-vertically-aligned-top\" style=\"grid-template-columns:35% auto\"><figure class=\"wp-block-media-text__media\"><a href=\"https:\/\/acervodigital.ufpr.br\/xmlui\/handle\/1884\/80533\" target=\"_blank\" rel=\"noreferrer noopener\"><img loading=\"lazy\" decoding=\"async\" width=\"537\" height=\"763\" src=\"https:\/\/projetos.ufpr.br\/memoria\/wp-content\/uploads\/sites\/10\/2024\/10\/Universidade-do-mate-historia-da-UFPR-2.jpg\" alt=\"\" class=\"wp-image-901 size-full\" srcset=\"https:\/\/projetos.ufpr.br\/memoria\/wp-content\/uploads\/sites\/10\/2024\/10\/Universidade-do-mate-historia-da-UFPR-2.jpg 537w, https:\/\/projetos.ufpr.br\/memoria\/wp-content\/uploads\/sites\/10\/2024\/10\/Universidade-do-mate-historia-da-UFPR-2-211x300.jpg 211w, https:\/\/projetos.ufpr.br\/memoria\/wp-content\/uploads\/sites\/10\/2024\/10\/Universidade-do-mate-historia-da-UFPR-2-69x98.jpg 69w, https:\/\/projetos.ufpr.br\/memoria\/wp-content\/uploads\/sites\/10\/2024\/10\/Universidade-do-mate-historia-da-UFPR-2-40x57.jpg 40w\" sizes=\"auto, (max-width: 537px) 100vw, 537px\" \/><\/a><\/figure><div class=\"wp-block-media-text__content\">\n<p class=\"has-black-color has-text-color has-link-color wp-elements-03bde7fa657a2faf7af2c046fcef207e\"><strong><a href=\"https:\/\/acervodigital.ufpr.br\/xmlui\/handle\/1884\/80533\" target=\"_blank\" rel=\"noreferrer noopener\">Universidade do mate : hist\u00f3ria da UFPR<\/a><\/strong><br>Ruy Christovam Wachowicz<br>(Ed. UFPR, 2022 [1983])<\/p>\n\n\n\n<div class=\"wp-block-buttons is-layout-flex wp-block-buttons-is-layout-flex\">\n<div class=\"wp-block-button has-custom-font-size has-small-font-size\"><a class=\"wp-block-button__link wp-element-button\" href=\"https:\/\/acervodigital.ufpr.br\/xmlui\/handle\/1884\/80533\" target=\"_blank\" rel=\"noreferrer noopener\">acessar<\/a><\/div>\n<\/div>\n\n\n\n<p><\/p>\n<\/div><\/div>\n<\/div>\n\n\n\n<div class=\"wp-block-column is-layout-flow wp-block-column-is-layout-flow\">\n<div class=\"wp-block-media-text is-vertically-aligned-top\" style=\"grid-template-columns:35% auto\"><figure class=\"wp-block-media-text__media\"><a href=\"https:\/\/acervodigital.ufpr.br\/xmlui\/handle\/1884\/80560\" target=\"_blank\" rel=\"noreferrer noopener\"><img loading=\"lazy\" decoding=\"async\" width=\"506\" height=\"762\" src=\"https:\/\/projetos.ufpr.br\/memoria\/wp-content\/uploads\/sites\/10\/2024\/10\/Universidade-Federal-do-Parana-75-anos-2.jpg\" alt=\"\" class=\"wp-image-858 size-full\" srcset=\"https:\/\/projetos.ufpr.br\/memoria\/wp-content\/uploads\/sites\/10\/2024\/10\/Universidade-Federal-do-Parana-75-anos-2.jpg 506w, https:\/\/projetos.ufpr.br\/memoria\/wp-content\/uploads\/sites\/10\/2024\/10\/Universidade-Federal-do-Parana-75-anos-2-199x300.jpg 199w, https:\/\/projetos.ufpr.br\/memoria\/wp-content\/uploads\/sites\/10\/2024\/10\/Universidade-Federal-do-Parana-75-anos-2-65x98.jpg 65w, https:\/\/projetos.ufpr.br\/memoria\/wp-content\/uploads\/sites\/10\/2024\/10\/Universidade-Federal-do-Parana-75-anos-2-38x57.jpg 38w\" sizes=\"auto, (max-width: 506px) 100vw, 506px\" \/><\/a><\/figure><div class=\"wp-block-media-text__content\">\n<p class=\"has-black-color has-text-color has-link-color wp-elements-8e0bd4fae6b452539168b8243a7fa1cd\"><strong><a href=\"https:\/\/acervodigital.ufpr.br\/xmlui\/handle\/1884\/80560\" target=\"_blank\" rel=\"noreferrer noopener\">Universidade Federal do Paran\u00e1 : 75 anos<\/a><br><\/strong>Cec\u00edlia Maria Westphalen<br>(SBPH-PR, 1987)<\/p>\n\n\n\n<div class=\"wp-block-buttons has-custom-font-size has-small-font-size is-layout-flex wp-block-buttons-is-layout-flex\">\n<div class=\"wp-block-button\"><a class=\"wp-block-button__link wp-element-button\" href=\"https:\/\/acervodigital.ufpr.br\/xmlui\/handle\/1884\/80560\" target=\"_blank\" rel=\"noreferrer noopener\">acessar<\/a><\/div>\n<\/div>\n\n\n\n<p><\/p>\n<\/div><\/div>\n<\/div>\n<\/div>\n\n\n\n<div style=\"height:30px\" aria-hidden=\"true\" class=\"wp-block-spacer\"><\/div>\n\n\n\n<div class=\"wp-block-columns is-layout-flex wp-container-core-columns-is-layout-9d6595d7 wp-block-columns-is-layout-flex\">\n<div class=\"wp-block-column is-layout-flow wp-block-column-is-layout-flow\">\n<div class=\"wp-block-columns is-layout-flex wp-container-core-columns-is-layout-9d6595d7 wp-block-columns-is-layout-flex\">\n<div class=\"wp-block-column is-layout-flow wp-block-column-is-layout-flow\">\n<div class=\"wp-block-media-text is-vertically-aligned-top\" style=\"grid-template-columns:35% auto\"><figure class=\"wp-block-media-text__media\"><a href=\"https:\/\/acervodigital.ufpr.br\/xmlui\/handle\/1884\/80561\" target=\"_blank\" rel=\"noreferrer noopener\"><img loading=\"lazy\" decoding=\"async\" width=\"545\" height=\"769\" src=\"https:\/\/projetos.ufpr.br\/memoria\/wp-content\/uploads\/sites\/10\/2024\/10\/Universidade-Federal-do-Parana-85-anos-1.jpg\" alt=\"\" class=\"wp-image-866 size-full\" srcset=\"https:\/\/projetos.ufpr.br\/memoria\/wp-content\/uploads\/sites\/10\/2024\/10\/Universidade-Federal-do-Parana-85-anos-1.jpg 545w, https:\/\/projetos.ufpr.br\/memoria\/wp-content\/uploads\/sites\/10\/2024\/10\/Universidade-Federal-do-Parana-85-anos-1-213x300.jpg 213w, https:\/\/projetos.ufpr.br\/memoria\/wp-content\/uploads\/sites\/10\/2024\/10\/Universidade-Federal-do-Parana-85-anos-1-69x98.jpg 69w, https:\/\/projetos.ufpr.br\/memoria\/wp-content\/uploads\/sites\/10\/2024\/10\/Universidade-Federal-do-Parana-85-anos-1-40x57.jpg 40w\" sizes=\"auto, (max-width: 545px) 100vw, 545px\" \/><\/a><\/figure><div class=\"wp-block-media-text__content\">\n<p class=\"has-black-color has-text-color has-link-color wp-elements-088b4812a0b41049ebca24c5f7a76530\"><strong><a href=\"https:\/\/acervodigital.ufpr.br\/xmlui\/handle\/1884\/80561\" target=\"_blank\" rel=\"noreferrer noopener\">Universidade Federal do Paran\u00e1: 85 anos<\/a><\/strong><br>Etelvina Maria de Castro Trindade<br>Maria Luiza Andreazza<br>(UFPR, 1997)<\/p>\n\n\n\n<div class=\"wp-block-buttons is-layout-flex wp-block-buttons-is-layout-flex\">\n<div class=\"wp-block-button has-custom-font-size has-small-font-size\"><a class=\"wp-block-button__link wp-element-button\" href=\"https:\/\/acervodigital.ufpr.br\/xmlui\/handle\/1884\/80561\" target=\"_blank\" rel=\"noreferrer noopener\">acessar<\/a><\/div>\n<\/div>\n\n\n\n<p><\/p>\n<\/div><\/div>\n<\/div>\n\n\n\n<div class=\"wp-block-column is-layout-flow wp-block-column-is-layout-flow\">\n<div class=\"wp-block-media-text is-vertically-aligned-top\" style=\"grid-template-columns:35% auto\"><figure class=\"wp-block-media-text__media\"><a href=\"https:\/\/acervodigital.ufpr.br\/xmlui\/handle\/1884\/80562\" target=\"_blank\" rel=\"noreferrer noopener\"><img loading=\"lazy\" decoding=\"async\" width=\"485\" height=\"705\" src=\"https:\/\/projetos.ufpr.br\/memoria\/wp-content\/uploads\/sites\/10\/2024\/10\/Universidade-Federal-do-Parana-90-anos-em-construcao-1.jpg\" alt=\"\" class=\"wp-image-869 size-full\" srcset=\"https:\/\/projetos.ufpr.br\/memoria\/wp-content\/uploads\/sites\/10\/2024\/10\/Universidade-Federal-do-Parana-90-anos-em-construcao-1.jpg 485w, https:\/\/projetos.ufpr.br\/memoria\/wp-content\/uploads\/sites\/10\/2024\/10\/Universidade-Federal-do-Parana-90-anos-em-construcao-1-206x300.jpg 206w, https:\/\/projetos.ufpr.br\/memoria\/wp-content\/uploads\/sites\/10\/2024\/10\/Universidade-Federal-do-Parana-90-anos-em-construcao-1-67x98.jpg 67w, https:\/\/projetos.ufpr.br\/memoria\/wp-content\/uploads\/sites\/10\/2024\/10\/Universidade-Federal-do-Parana-90-anos-em-construcao-1-39x57.jpg 39w\" sizes=\"auto, (max-width: 485px) 100vw, 485px\" \/><\/a><\/figure><div class=\"wp-block-media-text__content\">\n<p class=\"has-black-color has-text-color has-link-color wp-elements-789d8c507b588b08f828169558839b2f\"><strong><a href=\"https:\/\/acervodigital.ufpr.br\/xmlui\/handle\/1884\/80562\" target=\"_blank\" rel=\"noreferrer noopener\">Universidade Federal do Paran\u00e1 : 90 anos em constru\u00e7\u00e3o<\/a><\/strong><br><strong> <\/strong>Ana Maria de Oliveira Burmester<br>(Ed. UFPR, 2002)<\/p>\n\n\n\n<div class=\"wp-block-buttons is-layout-flex wp-block-buttons-is-layout-flex\">\n<div class=\"wp-block-button has-custom-font-size has-small-font-size\"><a class=\"wp-block-button__link wp-element-button\" href=\"https:\/\/acervodigital.ufpr.br\/xmlui\/handle\/1884\/80562\" target=\"_blank\" rel=\"noreferrer noopener\">acessar<\/a><\/div>\n<\/div>\n\n\n\n<p><\/p>\n<\/div><\/div>\n<\/div>\n<\/div>\n<\/div>\n<\/div>\n\n\n\n<div class=\"wp-block-columns is-layout-flex wp-container-core-columns-is-layout-9d6595d7 wp-block-columns-is-layout-flex\">\n<div class=\"wp-block-column is-layout-flow wp-block-column-is-layout-flow\">\n<div class=\"wp-block-columns is-layout-flex wp-container-core-columns-is-layout-9d6595d7 wp-block-columns-is-layout-flex\">\n<div class=\"wp-block-column is-layout-flow wp-block-column-is-layout-flow\">\n<div class=\"wp-block-media-text is-vertically-aligned-top\" style=\"grid-template-columns:35% auto\"><figure class=\"wp-block-media-text__media\"><a href=\"https:\/\/acervodigital.ufpr.br\/xmlui\/handle\/1884\/82968\" target=\"_blank\" rel=\"noreferrer noopener\"><img loading=\"lazy\" decoding=\"async\" width=\"401\" height=\"573\" src=\"https:\/\/projetos.ufpr.br\/memoria\/wp-content\/uploads\/sites\/10\/2024\/10\/Universidade-Federal-do-Parana-historia-e-estorias-1912-2007-1.jpg\" alt=\"\" class=\"wp-image-876 size-full\" srcset=\"https:\/\/projetos.ufpr.br\/memoria\/wp-content\/uploads\/sites\/10\/2024\/10\/Universidade-Federal-do-Parana-historia-e-estorias-1912-2007-1.jpg 401w, https:\/\/projetos.ufpr.br\/memoria\/wp-content\/uploads\/sites\/10\/2024\/10\/Universidade-Federal-do-Parana-historia-e-estorias-1912-2007-1-210x300.jpg 210w, https:\/\/projetos.ufpr.br\/memoria\/wp-content\/uploads\/sites\/10\/2024\/10\/Universidade-Federal-do-Parana-historia-e-estorias-1912-2007-1-69x98.jpg 69w, https:\/\/projetos.ufpr.br\/memoria\/wp-content\/uploads\/sites\/10\/2024\/10\/Universidade-Federal-do-Parana-historia-e-estorias-1912-2007-1-40x57.jpg 40w\" sizes=\"auto, (max-width: 401px) 100vw, 401px\" \/><\/a><\/figure><div class=\"wp-block-media-text__content\">\n<p class=\"has-black-color has-text-color has-link-color wp-elements-d1cd63dae6a9463d76277cdd0a38c2fa\"><strong><a href=\"https:\/\/acervodigital.ufpr.br\/xmlui\/handle\/1884\/82968\" target=\"_blank\" rel=\"noreferrer noopener\">Universidade Federal do Paran\u00e1: hist\u00f3ria e est\u00f3rias: 1912-2007<\/a><\/strong><br>Ulf Gregor Baranow<br>M\u00e1rcia Dalledone Siqueira<br>(Ed. UFPR, 2007)<\/p>\n\n\n\n<div class=\"wp-block-buttons is-layout-flex wp-block-buttons-is-layout-flex\">\n<div class=\"wp-block-button has-custom-font-size has-small-font-size\"><a class=\"wp-block-button__link wp-element-button\" href=\"https:\/\/acervodigital.ufpr.br\/xmlui\/handle\/1884\/82968\" target=\"_blank\" rel=\"noreferrer noopener\">acessar<\/a><\/div>\n<\/div>\n\n\n\n<p><\/p>\n<\/div><\/div>\n<\/div>\n\n\n\n<div class=\"wp-block-column is-layout-flow wp-block-column-is-layout-flow\">\n<div class=\"wp-block-media-text is-vertically-aligned-top\" style=\"grid-template-columns:35% auto\"><figure class=\"wp-block-media-text__media\"><a href=\"https:\/\/acervodigital.ufpr.br\/xmlui\/handle\/1884\/80535\" target=\"_blank\" rel=\"noreferrer noopener\"><img loading=\"lazy\" decoding=\"async\" width=\"541\" height=\"755\" src=\"https:\/\/projetos.ufpr.br\/memoria\/wp-content\/uploads\/sites\/10\/2024\/10\/Intelectuais-paranaenses-e-as-concepcoes-de-Universidade-1892-1950.jpg\" alt=\"\" class=\"wp-image-877 size-full\" srcset=\"https:\/\/projetos.ufpr.br\/memoria\/wp-content\/uploads\/sites\/10\/2024\/10\/Intelectuais-paranaenses-e-as-concepcoes-de-Universidade-1892-1950.jpg 541w, https:\/\/projetos.ufpr.br\/memoria\/wp-content\/uploads\/sites\/10\/2024\/10\/Intelectuais-paranaenses-e-as-concepcoes-de-Universidade-1892-1950-215x300.jpg 215w, https:\/\/projetos.ufpr.br\/memoria\/wp-content\/uploads\/sites\/10\/2024\/10\/Intelectuais-paranaenses-e-as-concepcoes-de-Universidade-1892-1950-70x98.jpg 70w, https:\/\/projetos.ufpr.br\/memoria\/wp-content\/uploads\/sites\/10\/2024\/10\/Intelectuais-paranaenses-e-as-concepcoes-de-Universidade-1892-1950-41x57.jpg 41w\" sizes=\"auto, (max-width: 541px) 100vw, 541px\" \/><\/a><\/figure><div class=\"wp-block-media-text__content\">\n<p class=\"has-black-color has-text-color has-link-color wp-elements-45988d5426971bac4e0102b99e380f86\"><strong><a href=\"https:\/\/acervodigital.ufpr.br\/xmlui\/handle\/1884\/80535\" target=\"_blank\" rel=\"noreferrer noopener\">Intelectuais paranaenses e as concep\u00e7\u00f5es de Universidade : 1892-1950<\/a><\/strong><br>N\u00e9vio de Campos<br>(Ed. UFPR, 2008)<\/p>\n\n\n\n<div class=\"wp-block-buttons is-layout-flex wp-block-buttons-is-layout-flex\">\n<div class=\"wp-block-button has-custom-font-size has-small-font-size\"><a class=\"wp-block-button__link wp-element-button\" href=\"https:\/\/acervodigital.ufpr.br\/xmlui\/handle\/1884\/80535\" target=\"_blank\" rel=\"noreferrer noopener\">acessar<\/a><\/div>\n<\/div>\n\n\n\n<p><\/p>\n<\/div><\/div>\n<\/div>\n<\/div>\n<\/div>\n<\/div>\n\n\n\n<div class=\"wp-block-columns is-layout-flex wp-container-core-columns-is-layout-9d6595d7 wp-block-columns-is-layout-flex\">\n<div class=\"wp-block-column is-layout-flow wp-block-column-is-layout-flow\">\n<div class=\"wp-block-media-text is-vertically-aligned-top\" style=\"grid-template-columns:35% auto\"><figure class=\"wp-block-media-text__media\"><a href=\"https:\/\/acervodigital.ufpr.br\/xmlui\/handle\/1884\/83788\" target=\"_blank\" rel=\"noreferrer noopener\"><img loading=\"lazy\" decoding=\"async\" width=\"396\" height=\"558\" src=\"https:\/\/projetos.ufpr.br\/memoria\/wp-content\/uploads\/sites\/10\/2024\/10\/Reflexoes-UFPR-100-anos-1912-2012-2.jpg\" alt=\"\" class=\"wp-image-889 size-full\" srcset=\"https:\/\/projetos.ufpr.br\/memoria\/wp-content\/uploads\/sites\/10\/2024\/10\/Reflexoes-UFPR-100-anos-1912-2012-2.jpg 396w, https:\/\/projetos.ufpr.br\/memoria\/wp-content\/uploads\/sites\/10\/2024\/10\/Reflexoes-UFPR-100-anos-1912-2012-2-213x300.jpg 213w, https:\/\/projetos.ufpr.br\/memoria\/wp-content\/uploads\/sites\/10\/2024\/10\/Reflexoes-UFPR-100-anos-1912-2012-2-70x98.jpg 70w, https:\/\/projetos.ufpr.br\/memoria\/wp-content\/uploads\/sites\/10\/2024\/10\/Reflexoes-UFPR-100-anos-1912-2012-2-40x57.jpg 40w\" sizes=\"auto, (max-width: 396px) 100vw, 396px\" \/><\/a><\/figure><div class=\"wp-block-media-text__content\">\n<p class=\"has-black-color has-text-color has-link-color wp-elements-2233f6141e35a7391c3e8a6752084b9e\"><strong><a href=\"https:\/\/acervodigital.ufpr.br\/xmlui\/handle\/1884\/83788\" target=\"_blank\" rel=\"noreferrer noopener\">Reflex\u00f5es: UFPR 100 anos (1912-2012)<\/a><\/strong><br>Renato Lopes Leite<br>Ricardo Costa de Oliveira<br>(Ed. UFPR, 2012)<\/p>\n\n\n\n<div class=\"wp-block-buttons is-layout-flex wp-block-buttons-is-layout-flex\">\n<div class=\"wp-block-button has-custom-font-size has-small-font-size\"><a class=\"wp-block-button__link wp-element-button\" href=\"https:\/\/acervodigital.ufpr.br\/xmlui\/handle\/1884\/83788\" target=\"_blank\" rel=\"noreferrer noopener\">acessar<\/a><\/div>\n<\/div>\n\n\n\n<p><\/p>\n<\/div><\/div>\n<\/div>\n\n\n\n<div class=\"wp-block-column is-vertically-aligned-top is-layout-flow wp-block-column-is-layout-flow\">\n<div class=\"wp-block-media-text is-vertically-aligned-top\" style=\"grid-template-columns:35% auto\"><figure class=\"wp-block-media-text__media\"><a href=\"https:\/\/acervodigital.ufpr.br\/xmlui\/handle\/1884\/81799\" target=\"_blank\" rel=\"noreferrer noopener\"><img loading=\"lazy\" decoding=\"async\" width=\"521\" height=\"636\" src=\"https:\/\/projetos.ufpr.br\/memoria\/wp-content\/uploads\/sites\/10\/2024\/10\/Universidade-Federal-do-Parana-100-anos-2.jpg\" alt=\"\" class=\"wp-image-891 size-full\" srcset=\"https:\/\/projetos.ufpr.br\/memoria\/wp-content\/uploads\/sites\/10\/2024\/10\/Universidade-Federal-do-Parana-100-anos-2.jpg 521w, https:\/\/projetos.ufpr.br\/memoria\/wp-content\/uploads\/sites\/10\/2024\/10\/Universidade-Federal-do-Parana-100-anos-2-246x300.jpg 246w, https:\/\/projetos.ufpr.br\/memoria\/wp-content\/uploads\/sites\/10\/2024\/10\/Universidade-Federal-do-Parana-100-anos-2-80x98.jpg 80w, https:\/\/projetos.ufpr.br\/memoria\/wp-content\/uploads\/sites\/10\/2024\/10\/Universidade-Federal-do-Parana-100-anos-2-47x57.jpg 47w\" sizes=\"auto, (max-width: 521px) 100vw, 521px\" \/><\/a><\/figure><div class=\"wp-block-media-text__content\">\n<p class=\"has-black-color has-text-color has-link-color wp-elements-b8cba37312f0583d53ff554281f8dbfa\"><strong><a href=\"https:\/\/acervodigital.ufpr.br\/xmlui\/handle\/1884\/81799\" target=\"_blank\" rel=\"noreferrer noopener\">Universidade Federal do Paran\u00e1: 100 anos<\/a><\/strong><br>M\u00e1rcia Dalledone Siqueira<br>(Ed. UFPR, 2012)<\/p>\n\n\n\n<div class=\"wp-block-buttons is-layout-flex wp-block-buttons-is-layout-flex\">\n<div class=\"wp-block-button has-custom-font-size has-small-font-size\"><a class=\"wp-block-button__link wp-element-button\" href=\"https:\/\/acervodigital.ufpr.br\/xmlui\/handle\/1884\/81799\" target=\"_blank\" rel=\"noreferrer noopener\">acessar<\/a><\/div>\n<\/div>\n\n\n\n<p><\/p>\n<\/div><\/div>\n<\/div>\n<\/div>\n\n\n\n<div style=\"height:20px\" aria-hidden=\"true\" class=\"wp-block-spacer\"><\/div>\n\n\n\n<div class=\"wp-block-columns is-layout-flex wp-container-core-columns-is-layout-9d6595d7 wp-block-columns-is-layout-flex\">\n<div class=\"wp-block-column is-layout-flow wp-block-column-is-layout-flow\">\n<div class=\"wp-block-media-text is-vertically-aligned-top\"><figure class=\"wp-block-media-text__media\"><a href=\"https:\/\/acervodigital.ufpr.br\/xmlui\/handle\/1884\/84902\" target=\"_blank\" rel=\"noreferrer noopener\"><img loading=\"lazy\" decoding=\"async\" width=\"682\" height=\"505\" src=\"https:\/\/projetos.ufpr.br\/memoria\/wp-content\/uploads\/sites\/10\/2024\/10\/UFPR-Centenario-5.jpg\" alt=\"\" class=\"wp-image-897 size-full\" srcset=\"https:\/\/projetos.ufpr.br\/memoria\/wp-content\/uploads\/sites\/10\/2024\/10\/UFPR-Centenario-5.jpg 682w, https:\/\/projetos.ufpr.br\/memoria\/wp-content\/uploads\/sites\/10\/2024\/10\/UFPR-Centenario-5-300x222.jpg 300w, https:\/\/projetos.ufpr.br\/memoria\/wp-content\/uploads\/sites\/10\/2024\/10\/UFPR-Centenario-5-132x98.jpg 132w, https:\/\/projetos.ufpr.br\/memoria\/wp-content\/uploads\/sites\/10\/2024\/10\/UFPR-Centenario-5-75x57.jpg 75w\" sizes=\"auto, (max-width: 682px) 100vw, 682px\" \/><\/a><\/figure><div class=\"wp-block-media-text__content\">\n<p class=\"has-black-color has-text-color has-link-color wp-elements-48c4f944e3deda7094cf26b10725230b\"><strong><a href=\"https:\/\/acervodigital.ufpr.br\/xmlui\/handle\/1884\/84902\" target=\"_blank\" rel=\"noreferrer noopener\">UFPR : Centen\u00e1rio<\/a><\/strong><br>M\u00e1rcia Dalledone Siqueira<br>(Ed. UFPR, 2013)<\/p>\n\n\n\n<div class=\"wp-block-buttons is-layout-flex wp-block-buttons-is-layout-flex\">\n<div class=\"wp-block-button has-custom-font-size has-small-font-size\"><a class=\"wp-block-button__link wp-element-button\" href=\"https:\/\/acervodigital.ufpr.br\/xmlui\/handle\/1884\/84902\" target=\"_blank\" rel=\"noreferrer noopener\">acessar<\/a><\/div>\n<\/div>\n\n\n\n<p><\/p>\n<\/div><\/div>\n<\/div>\n\n\n\n<div class=\"wp-block-column is-vertically-aligned-top is-layout-flow wp-block-column-is-layout-flow\"><\/div>\n<\/div>\n\n\n\n<div style=\"height:20px\" aria-hidden=\"true\" class=\"wp-block-spacer\"><\/div>\n\n\n\n<p><\/p>\n","protected":false},"excerpt":{"rendered":"<p>Hist\u00f3rias da Universidade (em ordem cronol\u00f3gica) Universidade do Paran\u00e1Furtado, Jucundino da Silva(Servi\u00e7o de Pa\u00edses S.A.,\u00a01950) Educa\u00e7\u00e3o, universidade e hist\u00f3ria da primeira universidade do BrasilDavid Carneiro(Imprensa da UFPR, 1972) Universidade do mate : hist\u00f3ria da UFPRRuy Christovam Wachowicz(Ed. UFPR, 2022 [1983]) Universidade Federal do Paran\u00e1 : 75 anosCec\u00edlia Maria Westphalen(SBPH-PR, 1987) Universidade Federal do Paran\u00e1: 85 [&hellip;]<\/p>\n","protected":false},"author":27,"featured_media":0,"parent":0,"menu_order":0,"comment_status":"closed","ping_status":"closed","template":"","meta":{"footnotes":""},"class_list":["post-177","page","type-page","status-publish","hentry"],"_links":{"self":[{"href":"https:\/\/projetos.ufpr.br\/memoria\/wp-json\/wp\/v2\/pages\/177","targetHints":{"allow":["GET"]}}],"collection":[{"href":"https:\/\/projetos.ufpr.br\/memoria\/wp-json\/wp\/v2\/pages"}],"about":[{"href":"https:\/\/projetos.ufpr.br\/memoria\/wp-json\/wp\/v2\/types\/page"}],"author":[{"embeddable":true,"href":"https:\/\/projetos.ufpr.br\/memoria\/wp-json\/wp\/v2\/users\/27"}],"replies":[{"embeddable":true,"href":"https:\/\/projetos.ufpr.br\/memoria\/wp-json\/wp\/v2\/comments?post=177"}],"version-history":[{"count":123,"href":"https:\/\/projetos.ufpr.br\/memoria\/wp-json\/wp\/v2\/pages\/177\/revisions"}],"predecessor-version":[{"id":2245,"href":"https:\/\/projetos.ufpr.br\/memoria\/wp-json\/wp\/v2\/pages\/177\/revisions\/2245"}],"wp:attachment":[{"href":"https:\/\/projetos.ufpr.br\/memoria\/wp-json\/wp\/v2\/media?parent=177"}],"curies":[{"name":"wp","href":"https:\/\/api.w.org\/{rel}","templated":true}]}}