{"id":31,"date":"2024-09-25T13:25:27","date_gmt":"2024-09-25T16:25:27","guid":{"rendered":"https:\/\/projetos.ufpr.br\/memoria\/equipe\/"},"modified":"2025-07-21T14:01:50","modified_gmt":"2025-07-21T17:01:50","slug":"equipe","status":"publish","type":"page","link":"https:\/\/projetos.ufpr.br\/memoria\/equipe\/","title":{"rendered":"Equipe"},"content":{"rendered":"\n<h2 class=\"wp-block-heading\">Equipe<\/h2>\n\n\n\n<p><strong>Equipe (2022-2024)<\/strong><\/p>\n\n\n\n<p><strong>Coordena\u00e7\u00e3o:<\/strong><\/p>\n\n\n\n<p>Prof. Dr. Rafael Faraco Benthien<\/p>\n\n\n\n<p><strong>Consultor:<\/strong><\/p>\n\n\n\n<p>Prof. Dr. Ulf Gregor Baranow<\/p>\n\n\n\n<div style=\"height:59px\" aria-hidden=\"true\" class=\"wp-block-spacer\"><\/div>\n\n\n\n<p><strong>Pesquisa e Produ\u00e7\u00e3o Editorial:<\/strong><\/p>\n\n\n\n<p>Bruna Camily de Moura (2024)<\/p>\n\n\n\n<p>Karolyne de Paula (2022-2023)<\/p>\n\n\n\n<p>Luiz Henrique Betim (2022-2023)<\/p>\n\n\n\n<p>Matheus Mocellin Arcie (2023)<\/p>\n\n\n\n<p>Samarah Wippel Selski (2022-2023)<\/p>\n\n\n\n<p><\/p>\n\n\n\n<div style=\"height:57px\" aria-hidden=\"true\" class=\"wp-block-spacer\"><\/div>\n\n\n\n<p><strong>Web Designers:<\/strong><\/p>\n\n\n\n<p>Andrius Luiz Leopoldo<\/p>\n\n\n\n<p>Angelo Luiz Ferreira dos Santos<\/p>\n\n\n\n<div style=\"height:48px\" aria-hidden=\"true\" class=\"wp-block-spacer\"><\/div>\n\n\n\n<p><strong>Apoio ao Design Gr\u00e1fico:<\/strong><\/p>\n\n\n\n<p>Sarah Scholz Dias<\/p>\n\n\n\n<p>Monica Ardjomand<\/p>\n\n\n\n<div style=\"height:52px\" aria-hidden=\"true\" class=\"wp-block-spacer\"><\/div>\n\n\n\n<p><strong>Reposit\u00f3rio Institucional (SIBI):<\/strong><\/p>\n\n\n\n<p>Denis Uezu<\/p>\n\n\n\n<p>Andrea Carolina Grohs<\/p>\n\n\n\n<p>Fernando Moreira<\/p>\n\n\n\n<p>Lucas Henrique Gon\u00e7alves<\/p>\n\n\n\n<p>Sandra Inara Altero Fonseca Marqueti<\/p>\n\n\n\n<div style=\"height:47px\" aria-hidden=\"true\" class=\"wp-block-spacer\"><\/div>\n\n\n\n<p><strong>Colaboradores Externos:<\/strong><\/p>\n\n\n\n<p>Prof. Me. Tiago Kamiya<\/p>\n\n\n\n<div style=\"height:56px\" aria-hidden=\"true\" class=\"wp-block-spacer\"><\/div>\n\n\n\n<div class=\"wp-block-buttons is-layout-flex wp-block-buttons-is-layout-flex\">\n<div class=\"wp-block-button\"><a class=\"wp-block-button__link wp-element-button\" href=\"https:\/\/projetos.ufpr.br\/memoria\">Voltar<\/a><\/div>\n<\/div>\n\n\n\n<p><\/p>\n","protected":false},"excerpt":{"rendered":"<p>Equipe Equipe (2022-2024) Coordena\u00e7\u00e3o: Prof. Dr. Rafael Faraco Benthien Consultor: Prof. Dr. Ulf Gregor Baranow Pesquisa e Produ\u00e7\u00e3o Editorial: Bruna Camily de Moura (2024) Karolyne de Paula (2022-2023) Luiz Henrique Betim (2022-2023) Matheus Mocellin Arcie (2023) Samarah Wippel Selski (2022-2023) Web Designers: Andrius Luiz Leopoldo Angelo Luiz Ferreira dos Santos Apoio ao Design Gr\u00e1fico: Sarah [&hellip;]<\/p>\n","protected":false},"author":14,"featured_media":0,"parent":0,"menu_order":0,"comment_status":"closed","ping_status":"closed","template":"page.php","meta":{"footnotes":""},"class_list":["post-31","page","type-page","status-publish","hentry"],"_links":{"self":[{"href":"https:\/\/projetos.ufpr.br\/memoria\/wp-json\/wp\/v2\/pages\/31","targetHints":{"allow":["GET"]}}],"collection":[{"href":"https:\/\/projetos.ufpr.br\/memoria\/wp-json\/wp\/v2\/pages"}],"about":[{"href":"https:\/\/projetos.ufpr.br\/memoria\/wp-json\/wp\/v2\/types\/page"}],"author":[{"embeddable":true,"href":"https:\/\/projetos.ufpr.br\/memoria\/wp-json\/wp\/v2\/users\/14"}],"replies":[{"embeddable":true,"href":"https:\/\/projetos.ufpr.br\/memoria\/wp-json\/wp\/v2\/comments?post=31"}],"version-history":[{"count":20,"href":"https:\/\/projetos.ufpr.br\/memoria\/wp-json\/wp\/v2\/pages\/31\/revisions"}],"predecessor-version":[{"id":2891,"href":"https:\/\/projetos.ufpr.br\/memoria\/wp-json\/wp\/v2\/pages\/31\/revisions\/2891"}],"wp:attachment":[{"href":"https:\/\/projetos.ufpr.br\/memoria\/wp-json\/wp\/v2\/media?parent=31"}],"curies":[{"name":"wp","href":"https:\/\/api.w.org\/{rel}","templated":true}]}}