{"id":40,"date":"2024-09-25T13:25:27","date_gmt":"2024-09-25T16:25:27","guid":{"rendered":"https:\/\/projetos.ufpr.br\/memoria\/contato\/"},"modified":"2024-11-26T12:27:56","modified_gmt":"2024-11-26T15:27:56","slug":"apoio","status":"publish","type":"page","link":"https:\/\/projetos.ufpr.br\/memoria\/apoio\/","title":{"rendered":"Apoio"},"content":{"rendered":"\n<h2 class=\"wp-block-heading\">Apoio<\/h2>\n\n\n\n<p>O Projeto <em>Biblioteca Tem\u00e1tica: Mem\u00f3ria da Universidade Federal do Paran\u00e1<\/em> contou com o apoio financeiro e log\u00edstico das seguintes unidades:<\/p>\n\n\n\n<p><a href=\"https:\/\/ufpr.br\/gabinete-do-reitor\/\">Gabinete do Reitor<\/a><\/p>\n\n\n\n<p><a href=\"http:\/\/www.proec.ufpr.br\/\">Pr\u00f3-Reitoria de Extens\u00e3o e Cultura<\/a><\/p>\n\n\n\n<p>Este foi um projeto concebido pela gest\u00e3o 2021-2024:<\/p>\n\n\n\n<p><strong>Reitor<\/strong><br>Ricardo Marcelo Fonseca<br><strong>Vice-Reitora<\/strong><br>Graciela In\u00eas Bolz\u00f3n de Muniz<br><strong>Pr\u00f3-Reitora de Extens\u00e3o e Cultura<\/strong><br>Mayara Elita Braz Carneiro<br><strong>Coordenador da Editora UFPR<\/strong><br>Rafael Faraco Benthien<br><strong>Assessora da Editora UFPR<\/strong><br>Eva Lenita Scheliga<\/p>\n\n\n\n<div class=\"wp-block-buttons is-layout-flex wp-block-buttons-is-layout-flex\">\n<div class=\"wp-block-button\"><a class=\"wp-block-button__link wp-element-button\" href=\"https:\/\/projetos.ufpr.br\/memoria\">Voltar<\/a><\/div>\n<\/div>\n","protected":false},"excerpt":{"rendered":"<p>Apoio O Projeto Biblioteca Tem\u00e1tica: Mem\u00f3ria da Universidade Federal do Paran\u00e1 contou com o apoio financeiro e log\u00edstico das seguintes unidades: Gabinete do Reitor Pr\u00f3-Reitoria de Extens\u00e3o e Cultura Este foi um projeto concebido pela gest\u00e3o 2021-2024: ReitorRicardo Marcelo FonsecaVice-ReitoraGraciela In\u00eas Bolz\u00f3n de MunizPr\u00f3-Reitora de Extens\u00e3o e CulturaMayara Elita Braz CarneiroCoordenador da Editora UFPRRafael Faraco [&hellip;]<\/p>\n","protected":false},"author":14,"featured_media":0,"parent":0,"menu_order":0,"comment_status":"closed","ping_status":"closed","template":"page.php","meta":{"footnotes":""},"class_list":["post-40","page","type-page","status-publish","hentry"],"_links":{"self":[{"href":"https:\/\/projetos.ufpr.br\/memoria\/wp-json\/wp\/v2\/pages\/40","targetHints":{"allow":["GET"]}}],"collection":[{"href":"https:\/\/projetos.ufpr.br\/memoria\/wp-json\/wp\/v2\/pages"}],"about":[{"href":"https:\/\/projetos.ufpr.br\/memoria\/wp-json\/wp\/v2\/types\/page"}],"author":[{"embeddable":true,"href":"https:\/\/projetos.ufpr.br\/memoria\/wp-json\/wp\/v2\/users\/14"}],"replies":[{"embeddable":true,"href":"https:\/\/projetos.ufpr.br\/memoria\/wp-json\/wp\/v2\/comments?post=40"}],"version-history":[{"count":5,"href":"https:\/\/projetos.ufpr.br\/memoria\/wp-json\/wp\/v2\/pages\/40\/revisions"}],"predecessor-version":[{"id":1831,"href":"https:\/\/projetos.ufpr.br\/memoria\/wp-json\/wp\/v2\/pages\/40\/revisions\/1831"}],"wp:attachment":[{"href":"https:\/\/projetos.ufpr.br\/memoria\/wp-json\/wp\/v2\/media?parent=40"}],"curies":[{"name":"wp","href":"https:\/\/api.w.org\/{rel}","templated":true}]}}