{"id":704,"date":"2024-10-02T17:45:49","date_gmt":"2024-10-02T20:45:49","guid":{"rendered":"https:\/\/projetos.ufpr.br\/memoria\/?page_id=704"},"modified":"2024-12-16T10:42:11","modified_gmt":"2024-12-16T13:42:11","slug":"biografias-autobiografias-e-memorias","status":"publish","type":"page","link":"https:\/\/projetos.ufpr.br\/memoria\/biografias-autobiografias-e-memorias\/","title":{"rendered":"Biografias, Autobiografias e Mem\u00f3rias (em ordem cronol\u00f3gica)"},"content":{"rendered":"\n<h2 class=\"wp-block-heading\">Biografias, Autobiografias e Mem\u00f3rias (em ordem cronol\u00f3gica)<\/h2>\n\n\n\n<div style=\"height:31px\" aria-hidden=\"true\" class=\"wp-block-spacer\"><\/div>\n\n\n\n<p><\/p>\n\n\n\n<div class=\"wp-block-columns is-layout-flex wp-container-core-columns-is-layout-9d6595d7 wp-block-columns-is-layout-flex\">\n<div class=\"wp-block-column is-layout-flow wp-block-column-is-layout-flow\">\n<div class=\"wp-block-media-text is-vertically-aligned-top\" style=\"grid-template-columns:35% auto\"><figure class=\"wp-block-media-text__media\"><a href=\"https:\/\/acervodigital.ufpr.br\/xmlui\/handle\/1884\/89986\" target=\"_blank\" rel=\"noreferrer noopener\"><img loading=\"lazy\" decoding=\"async\" width=\"578\" height=\"800\" src=\"https:\/\/projetos.ufpr.br\/memoria\/wp-content\/uploads\/sites\/10\/2024\/10\/Design-sem-nome-4.jpg\" alt=\"\" class=\"wp-image-1182 size-full\" srcset=\"https:\/\/projetos.ufpr.br\/memoria\/wp-content\/uploads\/sites\/10\/2024\/10\/Design-sem-nome-4.jpg 578w, https:\/\/projetos.ufpr.br\/memoria\/wp-content\/uploads\/sites\/10\/2024\/10\/Design-sem-nome-4-217x300.jpg 217w, https:\/\/projetos.ufpr.br\/memoria\/wp-content\/uploads\/sites\/10\/2024\/10\/Design-sem-nome-4-71x98.jpg 71w, https:\/\/projetos.ufpr.br\/memoria\/wp-content\/uploads\/sites\/10\/2024\/10\/Design-sem-nome-4-41x57.jpg 41w\" sizes=\"auto, (max-width: 578px) 100vw, 578px\" \/><\/a><\/figure><div class=\"wp-block-media-text__content\">\n<p class=\"has-black-color has-text-color has-link-color wp-elements-18f81404bd3a5ef4db1fe477e6b1a31b\"><strong><a href=\"https:\/\/acervodigital.ufpr.br\/xmlui\/handle\/1884\/89986\" target=\"_blank\" rel=\"noreferrer noopener\">Nilo Cairo: biografia<\/a><\/strong><br>David Carneiro<br>(Ed. UFPR, 1984)<\/p>\n\n\n\n<div class=\"wp-block-buttons has-custom-font-size has-small-font-size is-layout-flex wp-block-buttons-is-layout-flex\">\n<div class=\"wp-block-button\"><a class=\"wp-block-button__link wp-element-button\" href=\"https:\/\/acervodigital.ufpr.br\/xmlui\/handle\/1884\/89986\" target=\"_blank\" rel=\"noreferrer noopener\">acessar<\/a><\/div>\n<\/div>\n\n\n\n<p><\/p>\n<\/div><\/div>\n<\/div>\n\n\n\n<div class=\"wp-block-column is-layout-flow wp-block-column-is-layout-flow\">\n<div class=\"wp-block-media-text is-vertically-aligned-top\" style=\"grid-template-columns:35% auto\"><figure class=\"wp-block-media-text__media\"><a href=\"https:\/\/acervodigital.ufpr.br\/xmlui\/handle\/1884\/80531\" target=\"_blank\" rel=\"noreferrer noopener\"><img loading=\"lazy\" decoding=\"async\" width=\"540\" height=\"728\" src=\"https:\/\/projetos.ufpr.br\/memoria\/wp-content\/uploads\/sites\/10\/2024\/10\/O-que-passou-e-permanece-1.jpg\" alt=\"\" class=\"wp-image-1187 size-full\" srcset=\"https:\/\/projetos.ufpr.br\/memoria\/wp-content\/uploads\/sites\/10\/2024\/10\/O-que-passou-e-permanece-1.jpg 540w, https:\/\/projetos.ufpr.br\/memoria\/wp-content\/uploads\/sites\/10\/2024\/10\/O-que-passou-e-permanece-1-223x300.jpg 223w, https:\/\/projetos.ufpr.br\/memoria\/wp-content\/uploads\/sites\/10\/2024\/10\/O-que-passou-e-permanece-1-73x98.jpg 73w, https:\/\/projetos.ufpr.br\/memoria\/wp-content\/uploads\/sites\/10\/2024\/10\/O-que-passou-e-permanece-1-42x57.jpg 42w\" sizes=\"auto, (max-width: 540px) 100vw, 540px\" \/><\/a><\/figure><div class=\"wp-block-media-text__content\">\n<p class=\"has-black-color has-text-color has-link-color wp-elements-9e1c500ebd6a2bfeabfcdbe54aa6dddd\"><strong><a href=\"https:\/\/acervodigital.ufpr.br\/xmlui\/handle\/1884\/80531\" target=\"_blank\" rel=\"noreferrer noopener\">O que passou e permanece<br><\/a><\/strong>Newton Freire-Maia<br>(Ed. UFPR, 1995)<\/p>\n\n\n\n<div class=\"wp-block-buttons has-custom-font-size has-small-font-size is-layout-flex wp-block-buttons-is-layout-flex\">\n<div class=\"wp-block-button\"><a class=\"wp-block-button__link wp-element-button\" href=\"https:\/\/acervodigital.ufpr.br\/xmlui\/handle\/1884\/80531\" target=\"_blank\" rel=\"noreferrer noopener\">acessar<\/a><\/div>\n<\/div>\n\n\n\n<p><\/p>\n<\/div><\/div>\n<\/div>\n<\/div>\n\n\n\n<div style=\"height:30px\" aria-hidden=\"true\" class=\"wp-block-spacer\"><\/div>\n\n\n\n<div class=\"wp-block-columns is-layout-flex wp-container-core-columns-is-layout-9d6595d7 wp-block-columns-is-layout-flex\">\n<div class=\"wp-block-column is-layout-flow wp-block-column-is-layout-flow\">\n<div class=\"wp-block-media-text is-vertically-aligned-top\" style=\"grid-template-columns:35% auto\"><figure class=\"wp-block-media-text__media\"><a href=\"https:\/\/acervodigital.ufpr.br\/handle\/1884\/91924\" target=\"_blank\" rel=\"noreferrer noopener\"><img loading=\"lazy\" decoding=\"async\" width=\"792\" height=\"786\" src=\"https:\/\/projetos.ufpr.br\/memoria\/wp-content\/uploads\/sites\/10\/2024\/11\/wilson-martins.jpg\" alt=\"\" class=\"wp-image-1680 size-full\" srcset=\"https:\/\/projetos.ufpr.br\/memoria\/wp-content\/uploads\/sites\/10\/2024\/11\/wilson-martins.jpg 792w, https:\/\/projetos.ufpr.br\/memoria\/wp-content\/uploads\/sites\/10\/2024\/11\/wilson-martins-300x298.jpg 300w, https:\/\/projetos.ufpr.br\/memoria\/wp-content\/uploads\/sites\/10\/2024\/11\/wilson-martins-150x150.jpg 150w, https:\/\/projetos.ufpr.br\/memoria\/wp-content\/uploads\/sites\/10\/2024\/11\/wilson-martins-768x762.jpg 768w, https:\/\/projetos.ufpr.br\/memoria\/wp-content\/uploads\/sites\/10\/2024\/11\/wilson-martins-99x98.jpg 99w, https:\/\/projetos.ufpr.br\/memoria\/wp-content\/uploads\/sites\/10\/2024\/11\/wilson-martins-57x57.jpg 57w\" sizes=\"auto, (max-width: 792px) 100vw, 792px\" \/><\/a><\/figure><div class=\"wp-block-media-text__content\">\n<p class=\"has-black-color has-text-color has-link-color wp-elements-c0eeba49ef4588d26b54171210c2f4b2\"><strong><a href=\"https:\/\/acervodigital.ufpr.br\/handle\/1884\/91924\" target=\"_blank\" rel=\"noreferrer noopener\">Wilson Martins<\/a><\/strong><br>Sanches Neto, Miguel<br>(Ed. UFPR, 1997)<\/p>\n\n\n\n<div class=\"wp-block-buttons has-custom-font-size has-small-font-size is-layout-flex wp-block-buttons-is-layout-flex\">\n<div class=\"wp-block-button\"><a class=\"wp-block-button__link wp-element-button\" href=\"https:\/\/acervodigital.ufpr.br\/handle\/1884\/91924\" target=\"_blank\" rel=\"noreferrer noopener\">acessar<\/a><\/div>\n<\/div>\n\n\n\n<p><\/p>\n<\/div><\/div>\n<\/div>\n\n\n\n<div class=\"wp-block-column is-layout-flow wp-block-column-is-layout-flow\">\n<div class=\"wp-block-media-text is-vertically-aligned-top\" style=\"grid-template-columns:35% auto\"><figure class=\"wp-block-media-text__media\"><a href=\"https:\/\/acervodigital.ufpr.br\/xmlui\/handle\/1884\/93757\" target=\"_blank\" rel=\"noreferrer noopener\"><img loading=\"lazy\" decoding=\"async\" width=\"681\" height=\"605\" src=\"https:\/\/projetos.ufpr.br\/memoria\/wp-content\/uploads\/sites\/10\/2024\/12\/Rubens-Meister-vida-e-arquitetura.jpg\" alt=\"\" class=\"wp-image-2240 size-full\" srcset=\"https:\/\/projetos.ufpr.br\/memoria\/wp-content\/uploads\/sites\/10\/2024\/12\/Rubens-Meister-vida-e-arquitetura.jpg 681w, https:\/\/projetos.ufpr.br\/memoria\/wp-content\/uploads\/sites\/10\/2024\/12\/Rubens-Meister-vida-e-arquitetura-300x267.jpg 300w, https:\/\/projetos.ufpr.br\/memoria\/wp-content\/uploads\/sites\/10\/2024\/12\/Rubens-Meister-vida-e-arquitetura-110x98.jpg 110w, https:\/\/projetos.ufpr.br\/memoria\/wp-content\/uploads\/sites\/10\/2024\/12\/Rubens-Meister-vida-e-arquitetura-64x57.jpg 64w\" sizes=\"auto, (max-width: 681px) 100vw, 681px\" \/><\/a><\/figure><div class=\"wp-block-media-text__content\">\n<p class=\"has-black-color has-text-color has-link-color wp-elements-b93087164e3437a7e6c1a3389f1b8a57\"><strong><a href=\"https:\/\/acervodigital.ufpr.br\/xmlui\/handle\/1884\/93757\" target=\"_blank\" rel=\"noreferrer noopener\">Rubens Meister: vida e arquitetura<\/a><\/strong><br>Marcelo Saldanha Sutil<br>Salvador Gnoato<br>(Travessa dos Editores, 2005)<\/p>\n\n\n\n<div class=\"wp-block-buttons is-layout-flex wp-block-buttons-is-layout-flex\">\n<div class=\"wp-block-button has-custom-font-size has-small-font-size\"><a class=\"wp-block-button__link wp-element-button\" href=\"https:\/\/acervodigital.ufpr.br\/xmlui\/handle\/1884\/93757\" target=\"_blank\" rel=\"noreferrer noopener\">acessar<\/a><\/div>\n<\/div>\n\n\n\n<p><\/p>\n<\/div><\/div>\n<\/div>\n<\/div>\n\n\n\n<div style=\"height:30px\" aria-hidden=\"true\" class=\"wp-block-spacer\"><\/div>\n\n\n\n<div class=\"wp-block-columns is-layout-flex wp-container-core-columns-is-layout-9d6595d7 wp-block-columns-is-layout-flex\">\n<div class=\"wp-block-column is-layout-flow wp-block-column-is-layout-flow\">\n<div class=\"wp-block-columns is-layout-flex wp-container-core-columns-is-layout-9d6595d7 wp-block-columns-is-layout-flex\">\n<div class=\"wp-block-column is-layout-flow wp-block-column-is-layout-flow\">\n<div class=\"wp-block-media-text is-vertically-aligned-top\" style=\"grid-template-columns:35% auto\"><figure class=\"wp-block-media-text__media\"><a href=\"https:\/\/acervodigital.ufpr.br\/xmlui\/handle\/1884\/88815\" target=\"_blank\" rel=\"noreferrer noopener\"><img loading=\"lazy\" decoding=\"async\" width=\"741\" height=\"710\" src=\"https:\/\/projetos.ufpr.br\/memoria\/wp-content\/uploads\/sites\/10\/2024\/10\/Baeta-de-Faria-um-empreendedor-nos-primeiros-anos-da-Republica.jpg\" alt=\"\" class=\"wp-image-1188 size-full\" srcset=\"https:\/\/projetos.ufpr.br\/memoria\/wp-content\/uploads\/sites\/10\/2024\/10\/Baeta-de-Faria-um-empreendedor-nos-primeiros-anos-da-Republica.jpg 741w, https:\/\/projetos.ufpr.br\/memoria\/wp-content\/uploads\/sites\/10\/2024\/10\/Baeta-de-Faria-um-empreendedor-nos-primeiros-anos-da-Republica-300x287.jpg 300w, https:\/\/projetos.ufpr.br\/memoria\/wp-content\/uploads\/sites\/10\/2024\/10\/Baeta-de-Faria-um-empreendedor-nos-primeiros-anos-da-Republica-102x98.jpg 102w, https:\/\/projetos.ufpr.br\/memoria\/wp-content\/uploads\/sites\/10\/2024\/10\/Baeta-de-Faria-um-empreendedor-nos-primeiros-anos-da-Republica-59x57.jpg 59w\" sizes=\"auto, (max-width: 741px) 100vw, 741px\" \/><\/a><\/figure><div class=\"wp-block-media-text__content\">\n<p class=\"has-black-color has-text-color has-link-color wp-elements-0ebbe3d19209553b62ff7fce8b066b31\"><strong><a href=\"https:\/\/acervodigital.ufpr.br\/xmlui\/handle\/1884\/88815\" target=\"_blank\" rel=\"noreferrer noopener\">Baeta de Faria: um empreendedor nos primeiros anos da Rep\u00fablica : 1876 &#8211; 1936<\/a> <\/strong>Marcelo Saldanha Sutil<br>(Travessa dos Editores, 2006)<\/p>\n\n\n\n<div class=\"wp-block-buttons has-custom-font-size has-small-font-size is-layout-flex wp-block-buttons-is-layout-flex\">\n<div class=\"wp-block-button\"><a class=\"wp-block-button__link wp-element-button\" href=\"https:\/\/acervodigital.ufpr.br\/xmlui\/handle\/1884\/88815\" target=\"_blank\" rel=\"noreferrer noopener\">acessar<\/a><\/div>\n<\/div>\n\n\n\n<p><\/p>\n<\/div><\/div>\n<\/div>\n\n\n\n<div class=\"wp-block-column is-layout-flow wp-block-column-is-layout-flow\">\n<div class=\"wp-block-media-text is-vertically-aligned-top\" style=\"grid-template-columns:35% auto\"><figure class=\"wp-block-media-text__media\"><a href=\"https:\/\/acervodigital.ufpr.br\/xmlui\/handle\/1884\/81426\" target=\"_blank\" rel=\"noreferrer noopener\"><img loading=\"lazy\" decoding=\"async\" width=\"469\" height=\"711\" src=\"https:\/\/projetos.ufpr.br\/memoria\/wp-content\/uploads\/sites\/10\/2024\/10\/Jose-Loureiro-Fernandes-o-paranaense-dos-museus.jpg\" alt=\"\" class=\"wp-image-1189 size-full\" srcset=\"https:\/\/projetos.ufpr.br\/memoria\/wp-content\/uploads\/sites\/10\/2024\/10\/Jose-Loureiro-Fernandes-o-paranaense-dos-museus.jpg 469w, https:\/\/projetos.ufpr.br\/memoria\/wp-content\/uploads\/sites\/10\/2024\/10\/Jose-Loureiro-Fernandes-o-paranaense-dos-museus-198x300.jpg 198w, https:\/\/projetos.ufpr.br\/memoria\/wp-content\/uploads\/sites\/10\/2024\/10\/Jose-Loureiro-Fernandes-o-paranaense-dos-museus-65x98.jpg 65w, https:\/\/projetos.ufpr.br\/memoria\/wp-content\/uploads\/sites\/10\/2024\/10\/Jose-Loureiro-Fernandes-o-paranaense-dos-museus-38x57.jpg 38w\" sizes=\"auto, (max-width: 469px) 100vw, 469px\" \/><\/a><\/figure><div class=\"wp-block-media-text__content\">\n<p class=\"has-black-color has-text-color has-link-color wp-elements-cc0b5b11641e1378c749f4bdf211baf8\"><strong><a href=\"https:\/\/acervodigital.ufpr.br\/xmlui\/handle\/1884\/81426\" target=\"_blank\" rel=\"noreferrer noopener\">Jos\u00e9 Loureiro Fernandes : o paranaense dos museus<\/a><\/strong><br>Maria Regina Furtado<br>(Paran\u00e1, Secretaria de Estado da Cultura ; Imprensa Oficial, 2006)<\/p>\n\n\n\n<div class=\"wp-block-buttons has-custom-font-size has-small-font-size is-layout-flex wp-block-buttons-is-layout-flex\">\n<div class=\"wp-block-button\"><a class=\"wp-block-button__link wp-element-button\" href=\"https:\/\/acervodigital.ufpr.br\/xmlui\/handle\/1884\/81426\" target=\"_blank\" rel=\"noreferrer noopener\">acessar<\/a><\/div>\n<\/div>\n\n\n\n<p><\/p>\n<\/div><\/div>\n<\/div>\n<\/div>\n<\/div>\n<\/div>\n\n\n\n<div style=\"height:30px\" aria-hidden=\"true\" class=\"wp-block-spacer\"><\/div>\n\n\n\n<div class=\"wp-block-columns is-layout-flex wp-container-core-columns-is-layout-9d6595d7 wp-block-columns-is-layout-flex\">\n<div class=\"wp-block-column is-layout-flow wp-block-column-is-layout-flow\">\n<div class=\"wp-block-media-text is-stacked-on-mobile is-vertically-aligned-top\" style=\"grid-template-columns:35% auto\"><figure class=\"wp-block-media-text__media\"><a href=\"https:\/\/acervodigital.ufpr.br\/handle\/1884\/91896\" target=\"_blank\" rel=\"noreferrer noopener\"><img loading=\"lazy\" decoding=\"async\" width=\"741\" height=\"708\" src=\"https:\/\/projetos.ufpr.br\/memoria\/wp-content\/uploads\/sites\/10\/2024\/10\/Arquitetura-do-movimento-moderno-em-Curitiba.jpg\" alt=\"\" class=\"wp-image-1647 size-full\" srcset=\"https:\/\/projetos.ufpr.br\/memoria\/wp-content\/uploads\/sites\/10\/2024\/10\/Arquitetura-do-movimento-moderno-em-Curitiba.jpg 741w, https:\/\/projetos.ufpr.br\/memoria\/wp-content\/uploads\/sites\/10\/2024\/10\/Arquitetura-do-movimento-moderno-em-Curitiba-300x287.jpg 300w, https:\/\/projetos.ufpr.br\/memoria\/wp-content\/uploads\/sites\/10\/2024\/10\/Arquitetura-do-movimento-moderno-em-Curitiba-103x98.jpg 103w, https:\/\/projetos.ufpr.br\/memoria\/wp-content\/uploads\/sites\/10\/2024\/10\/Arquitetura-do-movimento-moderno-em-Curitiba-60x57.jpg 60w\" sizes=\"auto, (max-width: 741px) 100vw, 741px\" \/><\/a><\/figure><div class=\"wp-block-media-text__content\">\n<p class=\"has-black-color has-text-color has-link-color wp-elements-082ae3e8d58ea3062241f142167b0de2\"><strong><a href=\"https:\/\/acervodigital.ufpr.br\/handle\/1884\/91896\" target=\"_blank\" rel=\"noreferrer noopener\">Arquitetura do movimento moderno em Curitiba<\/a><\/strong><br>Gnoato, Salvador<br>(Travessa dos Editores, 2009)<\/p>\n\n\n\n<div class=\"wp-block-buttons has-custom-font-size has-small-font-size is-layout-flex wp-block-buttons-is-layout-flex\">\n<div class=\"wp-block-button\"><a class=\"wp-block-button__link wp-element-button\" href=\"https:\/\/acervodigital.ufpr.br\/handle\/1884\/91896\" target=\"_blank\" rel=\"noreferrer noopener\">acessar<\/a><\/div>\n<\/div>\n\n\n\n<p><\/p>\n<\/div><\/div>\n<\/div>\n\n\n\n<div class=\"wp-block-column is-layout-flow wp-block-column-is-layout-flow\">\n<div class=\"wp-block-media-text is-vertically-aligned-top\" style=\"grid-template-columns:35% auto\"><figure class=\"wp-block-media-text__media\"><a href=\"https:\/\/acervodigital.ufpr.br\/xmlui\/handle\/1884\/88978\" target=\"_blank\" rel=\"noreferrer noopener\"><img loading=\"lazy\" decoding=\"async\" width=\"490\" height=\"711\" src=\"https:\/\/projetos.ufpr.br\/memoria\/wp-content\/uploads\/sites\/10\/2024\/10\/Nilo-Cairo-e-o-debate-homeopatico-no-inicio-do-seculo-XX-2.jpg\" alt=\"\" class=\"wp-image-1192 size-full\" srcset=\"https:\/\/projetos.ufpr.br\/memoria\/wp-content\/uploads\/sites\/10\/2024\/10\/Nilo-Cairo-e-o-debate-homeopatico-no-inicio-do-seculo-XX-2.jpg 490w, https:\/\/projetos.ufpr.br\/memoria\/wp-content\/uploads\/sites\/10\/2024\/10\/Nilo-Cairo-e-o-debate-homeopatico-no-inicio-do-seculo-XX-2-207x300.jpg 207w, https:\/\/projetos.ufpr.br\/memoria\/wp-content\/uploads\/sites\/10\/2024\/10\/Nilo-Cairo-e-o-debate-homeopatico-no-inicio-do-seculo-XX-2-68x98.jpg 68w, https:\/\/projetos.ufpr.br\/memoria\/wp-content\/uploads\/sites\/10\/2024\/10\/Nilo-Cairo-e-o-debate-homeopatico-no-inicio-do-seculo-XX-2-39x57.jpg 39w\" sizes=\"auto, (max-width: 490px) 100vw, 490px\" \/><\/a><\/figure><div class=\"wp-block-media-text__content\">\n<p class=\"has-black-color has-text-color has-link-color wp-elements-eed26e9a577cf104699c5b925dd59870\"><strong><a href=\"https:\/\/acervodigital.ufpr.br\/xmlui\/handle\/1884\/88978\" target=\"_blank\" rel=\"noreferrer noopener\">Nilo Cairo e o debate homeop\u00e1tico no in\u00edcio do s\u00e9culo XX<\/a> <\/strong><br>Renata Palandri Sigolo<br>(Ed. UFPR, 2012)<\/p>\n\n\n\n<div class=\"wp-block-buttons has-custom-font-size has-small-font-size is-layout-flex wp-block-buttons-is-layout-flex\">\n<div class=\"wp-block-button\"><a class=\"wp-block-button__link wp-element-button\" href=\"https:\/\/acervodigital.ufpr.br\/xmlui\/handle\/1884\/88978\" target=\"_blank\" rel=\"noreferrer noopener\">acessar<\/a><\/div>\n<\/div>\n\n\n\n<p><\/p>\n<\/div><\/div>\n<\/div>\n<\/div>\n\n\n\n<div style=\"height:30px\" aria-hidden=\"true\" class=\"wp-block-spacer\"><\/div>\n\n\n\n<div class=\"wp-block-columns is-layout-flex wp-container-core-columns-is-layout-9d6595d7 wp-block-columns-is-layout-flex\">\n<div class=\"wp-block-column is-layout-flow wp-block-column-is-layout-flow\"><\/div>\n\n\n\n<div class=\"wp-block-column is-layout-flow wp-block-column-is-layout-flow\"><\/div>\n<\/div>\n\n\n\n<div class=\"wp-block-columns is-layout-flex wp-container-core-columns-is-layout-9d6595d7 wp-block-columns-is-layout-flex\"><\/div>\n\n\n\n<div class=\"wp-block-columns is-layout-flex wp-container-core-columns-is-layout-9d6595d7 wp-block-columns-is-layout-flex\">\n<div class=\"wp-block-column is-layout-flow wp-block-column-is-layout-flow\"><\/div>\n\n\n\n<div class=\"wp-block-column is-layout-flow wp-block-column-is-layout-flow\"><\/div>\n<\/div>\n","protected":false},"excerpt":{"rendered":"<p>Biografias, Autobiografias e Mem\u00f3rias (em ordem cronol\u00f3gica) Nilo Cairo: biografiaDavid Carneiro(Ed. UFPR, 1984) O que passou e permaneceNewton Freire-Maia(Ed. UFPR, 1995) Wilson MartinsSanches Neto, Miguel(Ed. UFPR, 1997) Rubens Meister: vida e arquiteturaMarcelo Saldanha SutilSalvador Gnoato(Travessa dos Editores, 2005) Baeta de Faria: um empreendedor nos primeiros anos da Rep\u00fablica : 1876 &#8211; 1936 Marcelo Saldanha Sutil(Travessa [&hellip;]<\/p>\n","protected":false},"author":25,"featured_media":0,"parent":0,"menu_order":0,"comment_status":"closed","ping_status":"closed","template":"","meta":{"footnotes":""},"class_list":["post-704","page","type-page","status-publish","hentry"],"_links":{"self":[{"href":"https:\/\/projetos.ufpr.br\/memoria\/wp-json\/wp\/v2\/pages\/704","targetHints":{"allow":["GET"]}}],"collection":[{"href":"https:\/\/projetos.ufpr.br\/memoria\/wp-json\/wp\/v2\/pages"}],"about":[{"href":"https:\/\/projetos.ufpr.br\/memoria\/wp-json\/wp\/v2\/types\/page"}],"author":[{"embeddable":true,"href":"https:\/\/projetos.ufpr.br\/memoria\/wp-json\/wp\/v2\/users\/25"}],"replies":[{"embeddable":true,"href":"https:\/\/projetos.ufpr.br\/memoria\/wp-json\/wp\/v2\/comments?post=704"}],"version-history":[{"count":34,"href":"https:\/\/projetos.ufpr.br\/memoria\/wp-json\/wp\/v2\/pages\/704\/revisions"}],"predecessor-version":[{"id":2254,"href":"https:\/\/projetos.ufpr.br\/memoria\/wp-json\/wp\/v2\/pages\/704\/revisions\/2254"}],"wp:attachment":[{"href":"https:\/\/projetos.ufpr.br\/memoria\/wp-json\/wp\/v2\/media?parent=704"}],"curies":[{"name":"wp","href":"https:\/\/api.w.org\/{rel}","templated":true}]}}