{"id":708,"date":"2024-10-02T17:49:56","date_gmt":"2024-10-02T20:49:56","guid":{"rendered":"https:\/\/projetos.ufpr.br\/memoria\/?page_id=708"},"modified":"2024-11-26T12:48:25","modified_gmt":"2024-11-26T15:48:25","slug":"vida-estudantil","status":"publish","type":"page","link":"https:\/\/projetos.ufpr.br\/memoria\/vida-estudantil\/","title":{"rendered":"Vida Estudantil (em ordem cronol\u00f3gica)"},"content":{"rendered":"\n<h2 class=\"wp-block-heading\">Vida Estudantil (em ordem cronol\u00f3gica)<\/h2>\n\n\n\n<div style=\"height:35px\" aria-hidden=\"true\" class=\"wp-block-spacer\"><\/div>\n\n\n\n<div class=\"wp-block-columns is-layout-flex wp-container-core-columns-is-layout-9d6595d7 wp-block-columns-is-layout-flex\">\n<div class=\"wp-block-column is-layout-flow wp-block-column-is-layout-flow\">\n<div class=\"wp-block-media-text is-vertically-aligned-top\" style=\"grid-template-columns:35% auto\"><figure class=\"wp-block-media-text__media\"><a href=\"https:\/\/acervodigital.ufpr.br\/xmlui\/handle\/1884\/88814\" target=\"_blank\" rel=\"noreferrer noopener\"><img loading=\"lazy\" decoding=\"async\" width=\"460\" height=\"660\" src=\"https:\/\/projetos.ufpr.br\/memoria\/wp-content\/uploads\/sites\/10\/2024\/10\/Historia-do-Diretorio-Academico-Nilo-Cairo-2.jpg\" alt=\"\" class=\"wp-image-1154 size-full\" srcset=\"https:\/\/projetos.ufpr.br\/memoria\/wp-content\/uploads\/sites\/10\/2024\/10\/Historia-do-Diretorio-Academico-Nilo-Cairo-2.jpg 460w, https:\/\/projetos.ufpr.br\/memoria\/wp-content\/uploads\/sites\/10\/2024\/10\/Historia-do-Diretorio-Academico-Nilo-Cairo-2-209x300.jpg 209w, https:\/\/projetos.ufpr.br\/memoria\/wp-content\/uploads\/sites\/10\/2024\/10\/Historia-do-Diretorio-Academico-Nilo-Cairo-2-68x98.jpg 68w, https:\/\/projetos.ufpr.br\/memoria\/wp-content\/uploads\/sites\/10\/2024\/10\/Historia-do-Diretorio-Academico-Nilo-Cairo-2-40x57.jpg 40w\" sizes=\"auto, (max-width: 460px) 100vw, 460px\" \/><\/a><\/figure><div class=\"wp-block-media-text__content\">\n<p class=\"has-black-color has-text-color has-link-color wp-elements-d768c04bd49f1d19c88b3d91ea81869a\"><strong><a href=\"https:\/\/acervodigital.ufpr.br\/xmlui\/handle\/1884\/88814\" target=\"_blank\" rel=\"noreferrer noopener\">Hist\u00f3ria do Diret\u00f3rio Acad\u00eamico Nilo Cairo<\/a> <\/strong>M\u00e1rcia Dalledone Siqueira<br>(Ed. do Autor, 2004)<\/p>\n\n\n\n<div class=\"wp-block-buttons has-custom-font-size has-small-font-size is-layout-flex wp-block-buttons-is-layout-flex\">\n<div class=\"wp-block-button\"><a class=\"wp-block-button__link wp-element-button\" href=\"https:\/\/acervodigital.ufpr.br\/xmlui\/handle\/1884\/88814\" target=\"_blank\" rel=\"noreferrer noopener\">acessar<\/a><\/div>\n<\/div>\n\n\n\n<p><\/p>\n<\/div><\/div>\n<\/div>\n\n\n\n<div class=\"wp-block-column is-layout-flow wp-block-column-is-layout-flow\">\n<div class=\"wp-block-media-text is-vertically-aligned-top\" style=\"grid-template-columns:35% auto\"><figure class=\"wp-block-media-text__media\"><a href=\"https:\/\/acervodigital.ufpr.br\/xmlui\/handle\/1884\/82187\" target=\"_blank\" rel=\"noreferrer noopener\"><img loading=\"lazy\" decoding=\"async\" width=\"507\" height=\"709\" src=\"https:\/\/projetos.ufpr.br\/memoria\/wp-content\/uploads\/sites\/10\/2024\/10\/Um-lar-em-terra-estranha-a-Casa-da-Estudante-Universitaria-em-Curitiba-e-o-processo-de-individualizacao-feminina-nas-decadas-de-1950-e-1960-1.jpg\" alt=\"\" class=\"wp-image-1162 size-full\" srcset=\"https:\/\/projetos.ufpr.br\/memoria\/wp-content\/uploads\/sites\/10\/2024\/10\/Um-lar-em-terra-estranha-a-Casa-da-Estudante-Universitaria-em-Curitiba-e-o-processo-de-individualizacao-feminina-nas-decadas-de-1950-e-1960-1.jpg 507w, https:\/\/projetos.ufpr.br\/memoria\/wp-content\/uploads\/sites\/10\/2024\/10\/Um-lar-em-terra-estranha-a-Casa-da-Estudante-Universitaria-em-Curitiba-e-o-processo-de-individualizacao-feminina-nas-decadas-de-1950-e-1960-1-215x300.jpg 215w, https:\/\/projetos.ufpr.br\/memoria\/wp-content\/uploads\/sites\/10\/2024\/10\/Um-lar-em-terra-estranha-a-Casa-da-Estudante-Universitaria-em-Curitiba-e-o-processo-de-individualizacao-feminina-nas-decadas-de-1950-e-1960-1-70x98.jpg 70w, https:\/\/projetos.ufpr.br\/memoria\/wp-content\/uploads\/sites\/10\/2024\/10\/Um-lar-em-terra-estranha-a-Casa-da-Estudante-Universitaria-em-Curitiba-e-o-processo-de-individualizacao-feminina-nas-decadas-de-1950-e-1960-1-41x57.jpg 41w\" sizes=\"auto, (max-width: 507px) 100vw, 507px\" \/><\/a><\/figure><div class=\"wp-block-media-text__content\">\n<p class=\"has-black-color has-text-color has-link-color wp-elements-29939834a3c6ee6f6e8c80797946cc0d\"><strong><a href=\"https:\/\/acervodigital.ufpr.br\/xmlui\/handle\/1884\/82187\" target=\"_blank\" rel=\"noreferrer noopener\">Um lar em terra estranha : a Casa da Estudante Universit\u00e1ria em Curitiba e o processo de individualiza\u00e7\u00e3o feminina nas d\u00e9cadas de 1950 e 1960<\/a><\/strong><br>Ana Paula Vosne Martins<br>(Ed. UFPR, 2012)<\/p>\n\n\n\n<div class=\"wp-block-buttons has-custom-font-size has-small-font-size is-layout-flex wp-block-buttons-is-layout-flex\">\n<div class=\"wp-block-button\"><a class=\"wp-block-button__link wp-element-button\" href=\"https:\/\/acervodigital.ufpr.br\/xmlui\/handle\/1884\/82187\" target=\"_blank\" rel=\"noreferrer noopener\">acessar<\/a><\/div>\n<\/div>\n\n\n\n<p><\/p>\n<\/div><\/div>\n<\/div>\n<\/div>\n\n\n\n<div class=\"wp-block-columns is-layout-flex wp-container-core-columns-is-layout-9d6595d7 wp-block-columns-is-layout-flex\">\n<div class=\"wp-block-column is-layout-flow wp-block-column-is-layout-flow\"><\/div>\n\n\n\n<div class=\"wp-block-column is-layout-flow wp-block-column-is-layout-flow\"><\/div>\n<\/div>\n","protected":false},"excerpt":{"rendered":"<p>Vida Estudantil (em ordem cronol\u00f3gica) Hist\u00f3ria do Diret\u00f3rio Acad\u00eamico Nilo Cairo M\u00e1rcia Dalledone Siqueira(Ed. do Autor, 2004) Um lar em terra estranha : a Casa da Estudante Universit\u00e1ria em Curitiba e o processo de individualiza\u00e7\u00e3o feminina nas d\u00e9cadas de 1950 e 1960Ana Paula Vosne Martins(Ed. UFPR, 2012)<\/p>\n","protected":false},"author":25,"featured_media":0,"parent":0,"menu_order":0,"comment_status":"closed","ping_status":"closed","template":"","meta":{"footnotes":""},"class_list":["post-708","page","type-page","status-publish","hentry"],"_links":{"self":[{"href":"https:\/\/projetos.ufpr.br\/memoria\/wp-json\/wp\/v2\/pages\/708","targetHints":{"allow":["GET"]}}],"collection":[{"href":"https:\/\/projetos.ufpr.br\/memoria\/wp-json\/wp\/v2\/pages"}],"about":[{"href":"https:\/\/projetos.ufpr.br\/memoria\/wp-json\/wp\/v2\/types\/page"}],"author":[{"embeddable":true,"href":"https:\/\/projetos.ufpr.br\/memoria\/wp-json\/wp\/v2\/users\/25"}],"replies":[{"embeddable":true,"href":"https:\/\/projetos.ufpr.br\/memoria\/wp-json\/wp\/v2\/comments?post=708"}],"version-history":[{"count":11,"href":"https:\/\/projetos.ufpr.br\/memoria\/wp-json\/wp\/v2\/pages\/708\/revisions"}],"predecessor-version":[{"id":1866,"href":"https:\/\/projetos.ufpr.br\/memoria\/wp-json\/wp\/v2\/pages\/708\/revisions\/1866"}],"wp:attachment":[{"href":"https:\/\/projetos.ufpr.br\/memoria\/wp-json\/wp\/v2\/media?parent=708"}],"curies":[{"name":"wp","href":"https:\/\/api.w.org\/{rel}","templated":true}]}}