{"id":748,"date":"2024-10-02T18:07:34","date_gmt":"2024-10-02T21:07:34","guid":{"rendered":"https:\/\/projetos.ufpr.br\/memoria\/?page_id=748"},"modified":"2025-04-01T12:31:52","modified_gmt":"2025-04-01T15:31:52","slug":"historia-do-projeto","status":"publish","type":"page","link":"https:\/\/projetos.ufpr.br\/memoria\/historia-do-projeto\/","title":{"rendered":"Hist\u00f3ria do Projeto"},"content":{"rendered":"\n<h2 class=\"wp-block-heading\">Hist\u00f3ria do Projeto<\/h2>\n\n\n<p>&nbsp;<\/p>\n<p style=\"text-align: justify\">\u00a0 \u00a0 \u00a0 \u00a0 \u00a0 No final da primeira d\u00e9cada do s\u00e9culo XXI, com o centen\u00e1rio da Universidade Federal do Paran\u00e1 (UFPR) se aproximando, foi iniciado um projeto de digitaliza\u00e7\u00e3o de materiais impressos relacionados \u00e0 hist\u00f3ria da institui\u00e7\u00e3o. O objetivo era preservar a mem\u00f3ria da universidade e difundir as obras por meio do Reposit\u00f3rio Institucional. Inicialmente, realizou-se a curadoria, sele\u00e7\u00e3o e digitaliza\u00e7\u00e3o de livros, folhetos, fotografias e diversos documentos oficiais.<\/p>\n<p style=\"text-align: justify\">\u00a0 \u00a0 \u00a0 \u00a0 <span data-olk-copy-source=\"MessageBody\">A partir do trabalho de localiza\u00e7\u00e3o dos detentores dos direitos autorais e a obten\u00e7\u00e3o das autoriza\u00e7\u00f5es necess\u00e1rias para a publica\u00e7\u00e3o das obras, o projeto ganhou um novo marco em 6 de outubro de 2021. Nessa data, em uma iniciativa conjunta do Gabinete da Reitoria, da Pr\u00f3-Reitoria de Extens\u00e3o e Cultura e da Editora UFPR, formalizou-se a cria\u00e7\u00e3o de uma biblioteca tem\u00e1tica no Reposit\u00f3rio Institucional da UFPR.<\/span><\/p>\n<p style=\"text-align: justify\">\u00a0 \u00a0 \u00a0 \u00a0 \u00a0 Essa a\u00e7\u00e3o foi viabilizada pela uni\u00e3o de esfor\u00e7os entre a Editora UFPR e o Sistema de Bibliotecas, resultando na cria\u00e7\u00e3o da &#8220;Biblioteca Tem\u00e1tica Mem\u00f3ria da Universidade Federal do Paran\u00e1&#8221;. Contando com uma equipe de bolsistas e estagi\u00e1rios, a Editora UFPR iniciou o tratamento do material digitalizado, transformando em vers\u00f5es digitais fac-similares os volumes originais ou em novas edi\u00e7\u00f5es revisadas. Um exemplo not\u00e1vel \u00e9 a obra &#8220;<a href=\"https:\/\/acervodigital.ufpr.br\/xmlui\/handle\/1884\/80533\">A Universidade do Mate<\/a>&#8220;, de Ruy Wachowicz, que j\u00e1 existe em formato digital revisado.<\/p>\n<p style=\"text-align: justify\">\u00a0 \u00a0 \u00a0 \u00a0 \u00a0 O vasto material reunido, al\u00e9m de sua alta qualidade, oferece uma base s\u00f3lida para que novas pesquisas sejam realizadas, complementando e expandindo o trabalho j\u00e1 produzido.\u00a0<\/p>\n\n\n<div style=\"height:39px\" aria-hidden=\"true\" class=\"wp-block-spacer\"><\/div>\n\n\n\n<div class=\"wp-block-buttons is-layout-flex wp-block-buttons-is-layout-flex\">\n<div class=\"wp-block-button\"><a class=\"wp-block-button__link wp-element-button\" href=\"https:\/\/projetos.ufpr.br\/memoria\">Voltar<\/a><\/div>\n<\/div>\n","protected":false},"excerpt":{"rendered":"<p>Hist\u00f3ria do Projeto &nbsp; \u00a0 \u00a0 \u00a0 \u00a0 \u00a0 No final da primeira d\u00e9cada do s\u00e9culo XXI, com o centen\u00e1rio da Universidade Federal do Paran\u00e1 (UFPR) se aproximando, foi iniciado um projeto de digitaliza\u00e7\u00e3o de materiais impressos relacionados \u00e0 hist\u00f3ria da institui\u00e7\u00e3o. O objetivo era preservar a mem\u00f3ria da universidade e difundir as obras por [&hellip;]<\/p>\n","protected":false},"author":25,"featured_media":0,"parent":0,"menu_order":0,"comment_status":"closed","ping_status":"closed","template":"","meta":{"footnotes":""},"class_list":["post-748","page","type-page","status-publish","hentry"],"_links":{"self":[{"href":"https:\/\/projetos.ufpr.br\/memoria\/wp-json\/wp\/v2\/pages\/748","targetHints":{"allow":["GET"]}}],"collection":[{"href":"https:\/\/projetos.ufpr.br\/memoria\/wp-json\/wp\/v2\/pages"}],"about":[{"href":"https:\/\/projetos.ufpr.br\/memoria\/wp-json\/wp\/v2\/types\/page"}],"author":[{"embeddable":true,"href":"https:\/\/projetos.ufpr.br\/memoria\/wp-json\/wp\/v2\/users\/25"}],"replies":[{"embeddable":true,"href":"https:\/\/projetos.ufpr.br\/memoria\/wp-json\/wp\/v2\/comments?post=748"}],"version-history":[{"count":30,"href":"https:\/\/projetos.ufpr.br\/memoria\/wp-json\/wp\/v2\/pages\/748\/revisions"}],"predecessor-version":[{"id":2886,"href":"https:\/\/projetos.ufpr.br\/memoria\/wp-json\/wp\/v2\/pages\/748\/revisions\/2886"}],"wp:attachment":[{"href":"https:\/\/projetos.ufpr.br\/memoria\/wp-json\/wp\/v2\/media?parent=748"}],"curies":[{"name":"wp","href":"https:\/\/api.w.org\/{rel}","templated":true}]}}