{"id":771,"date":"2024-10-02T18:13:50","date_gmt":"2024-10-02T21:13:50","guid":{"rendered":"https:\/\/projetos.ufpr.br\/memoria\/?page_id=771"},"modified":"2024-11-26T12:33:05","modified_gmt":"2024-11-26T15:33:05","slug":"curadoria-e-metodos","status":"publish","type":"page","link":"https:\/\/projetos.ufpr.br\/memoria\/curadoria-e-metodos\/","title":{"rendered":"Curadoria e M\u00e9todos"},"content":{"rendered":"\n<h2 class=\"wp-block-heading\">Curadoria e M\u00e9todos<\/h2>\n\n\n\n<p>Nesta p\u00e1gina ser\u00e1 explicada a forma de trabalho durante a concep\u00e7\u00e3o do projeto!<\/p>\n\n\n\n<div class=\"wp-block-buttons is-layout-flex wp-block-buttons-is-layout-flex\">\n<div class=\"wp-block-button\"><a class=\"wp-block-button__link wp-element-button\" href=\"http:\/\/ufpr.br\/projetos\/memoria\">Voltar<\/a><\/div>\n<\/div>\n\n\n\n<p><\/p>\n","protected":false},"excerpt":{"rendered":"<p>Curadoria e M\u00e9todos Nesta p\u00e1gina ser\u00e1 explicada a forma de trabalho durante a concep\u00e7\u00e3o do projeto!<\/p>\n","protected":false},"author":25,"featured_media":0,"parent":0,"menu_order":0,"comment_status":"closed","ping_status":"closed","template":"","meta":{"footnotes":""},"class_list":["post-771","page","type-page","status-publish","hentry"],"_links":{"self":[{"href":"https:\/\/projetos.ufpr.br\/memoria\/wp-json\/wp\/v2\/pages\/771","targetHints":{"allow":["GET"]}}],"collection":[{"href":"https:\/\/projetos.ufpr.br\/memoria\/wp-json\/wp\/v2\/pages"}],"about":[{"href":"https:\/\/projetos.ufpr.br\/memoria\/wp-json\/wp\/v2\/types\/page"}],"author":[{"embeddable":true,"href":"https:\/\/projetos.ufpr.br\/memoria\/wp-json\/wp\/v2\/users\/25"}],"replies":[{"embeddable":true,"href":"https:\/\/projetos.ufpr.br\/memoria\/wp-json\/wp\/v2\/comments?post=771"}],"version-history":[{"count":2,"href":"https:\/\/projetos.ufpr.br\/memoria\/wp-json\/wp\/v2\/pages\/771\/revisions"}],"predecessor-version":[{"id":1843,"href":"https:\/\/projetos.ufpr.br\/memoria\/wp-json\/wp\/v2\/pages\/771\/revisions\/1843"}],"wp:attachment":[{"href":"https:\/\/projetos.ufpr.br\/memoria\/wp-json\/wp\/v2\/media?parent=771"}],"curies":[{"name":"wp","href":"https:\/\/api.w.org\/{rel}","templated":true}]}}