{"id":43,"date":"2024-11-01T15:14:25","date_gmt":"2024-11-01T18:14:25","guid":{"rendered":"https:\/\/projetos.ufpr.br\/trajetorias\/pagina-inicial\/"},"modified":"2024-12-10T15:10:10","modified_gmt":"2024-12-10T18:10:10","slug":"pagina-inicial","status":"publish","type":"page","link":"https:\/\/projetos.ufpr.br\/trajetorias\/","title":{"rendered":"P\u00e1gina Inicial"},"content":{"rendered":"\n<p class=\"has-text-color has-link-color has-large-font-size wp-elements-11c3d243dc709f6246628f0e6e8f55c0\" style=\"color:#595843\">A Pr\u00f3-Reitoria de Extens\u00e3o e Cultura da Universidade Federal do Paran\u00e1 lan\u00e7a o projeto \u201cTrajet\u00f3rias em Constru\u00e7\u00e3o: 50 anos da Extens\u00e3o na UFPR&nbsp;&nbsp;<\/p>\n\n\n\n<p class=\"has-medium-font-size\">Este portal tem como objetivo revisitar marcos importantes na constru\u00e7\u00e3o da pol\u00edtica extensionista da institui\u00e7\u00e3o e est\u00e1 em constante atualiza\u00e7\u00e3o, a partir das contribui\u00e7\u00f5es da comunidade da UFPR.&nbsp;<\/p>\n\n\n\n<p class=\"has-medium-font-size\">De acordo com Gaiofatto, Vieira e Antunes (2014), o registro e a an\u00e1lise acerca da hist\u00f3ria e mem\u00f3rias sobre a Extens\u00e3o na UFPR envolvem reconhec\u00ea-las nos diversos contextos sociais, econ\u00f4micos, pol\u00edticos e culturais, no Brasil, de forma mais ampla, com vistas a contribuir para o entendimento da atual concep\u00e7\u00e3o de Extens\u00e3o presente na UFPR. Tamb\u00e9m envolvem caracterizar desafios, conquistas e dificuldades e, em especial, o processo de constru\u00e7\u00e3o de sua legitima\u00e7\u00e3o como elemento intr\u00ednseco e necess\u00e1rio para a forma\u00e7\u00e3o acad\u00eamica promovida por esta Universidade.&nbsp;<\/p>\n\n\n\n<p class=\"has-medium-font-size\">Para tanto, foram feitos alguns recortes para este projeto, sem desconsiderar que a hist\u00f3ria da extens\u00e3o remete a fases anteriores da Universidade, como nos estatutos que, desde 1916, preveem de alguma forma a intera\u00e7\u00e3o da institui\u00e7\u00e3o com a sociedade.&nbsp;<\/p>\n\n\n\n<p class=\"has-medium-font-size\">O ano de 2024 marca dos 50 anos de cria\u00e7\u00e3o da Pr\u00f3-Reitoria de Assuntos Comunit\u00e1rios (PRAC), que pode ser considerada a primeira unidade administrativa que conduziu as atividades de extens\u00e3o na UFPR.&nbsp; Outro marco veio em dezembro de 1984, quando aconteceu a primeira reuni\u00e3o da Comiss\u00e3o de Extens\u00e3o, \u00f3rg\u00e3o colegiado que hoje \u00e9 o Comit\u00ea Assessor de Extens\u00e3o (CAEX). O comit\u00ea, composto por representantes dos Setores, Campi Avan\u00e7ados e de unidades como o Complexo Hospital de Cl\u00ednicas e o Sistema de Bibliotecas reune-se periodicamente e que prop\u00f5e, normatiza e assessora a Pol\u00edtica de Extens\u00e3o da institui\u00e7\u00e3o.&nbsp;<\/p>\n\n\n\n<p class=\"has-medium-font-size\">O trabalho de pesquisa, conduzido pela equipe da Coordenadoria de Extens\u00e3o (COEX), permitiu identificar momentos-chave, decis\u00f5es estrat\u00e9gicas e debates fundamentais que moldaram a trajet\u00f3ria da extens\u00e3o universit\u00e1ria na institui\u00e7\u00e3o. As atas das reuni\u00f5es do CAEX, o arquivo da PROEC e trabalhos acad\u00eamicos realizados anteriormente sobre o assunto foram a base para o material.&nbsp;<\/p>\n\n\n\n<p class=\"has-medium-font-size\">A seguir, detalhamos as fases previstas desta campanha:&nbsp;<\/p>\n\n\n\n<div class=\"wp-block-cover alignfull is-light\"><span aria-hidden=\"true\" class=\"wp-block-cover__background has-background-dim-100 has-background-dim\" style=\"background-color:#ffffff\"><\/span><div class=\"wp-block-cover__inner-container is-layout-flow wp-block-cover-is-layout-flow\">\n<div class=\"wp-block-media-text alignwide is-stacked-on-mobile is-vertically-aligned-top\" style=\"grid-template-columns:45% auto\"><figure class=\"wp-block-media-text__media\"><img loading=\"lazy\" decoding=\"async\" width=\"1013\" height=\"1024\" src=\"https:\/\/projetos.ufpr.br\/trajetorias\/wp-content\/uploads\/sites\/28\/2024\/12\/001.jpg\" alt=\"\" class=\"wp-image-785 size-full\" srcset=\"https:\/\/projetos.ufpr.br\/trajetorias\/wp-content\/uploads\/sites\/28\/2024\/12\/001.jpg 1013w, https:\/\/projetos.ufpr.br\/trajetorias\/wp-content\/uploads\/sites\/28\/2024\/12\/001-297x300.jpg 297w, https:\/\/projetos.ufpr.br\/trajetorias\/wp-content\/uploads\/sites\/28\/2024\/12\/001-768x776.jpg 768w, https:\/\/projetos.ufpr.br\/trajetorias\/wp-content\/uploads\/sites\/28\/2024\/12\/001-97x98.jpg 97w, https:\/\/projetos.ufpr.br\/trajetorias\/wp-content\/uploads\/sites\/28\/2024\/12\/001-56x57.jpg 56w\" sizes=\"auto, (max-width: 1013px) 100vw, 1013px\" \/><\/figure><div class=\"wp-block-media-text__content\">\n<div style=\"height:30px\" aria-hidden=\"true\" class=\"wp-block-spacer\"><\/div>\n\n\n\n<p class=\"has-text-color\" style=\"color:#595843;font-size:32px\">1. Resumo dos Acontecimentos nas Atas do Comit\u00ea Assessor de Extens\u00e3o da UFPR&nbsp;<\/p>\n\n\n\n<p class=\"has-text-color\" style=\"color:#000000;font-size:1.2em\">O projeto iniciou com a leitura e s\u00edntese dos eventos mais relevantes descritos nas atas do Comit\u00ea Assessor de Extens\u00e3o da UFPR ao longo dos \u00faltimos 40 anos. Esse trabalho de pesquisa permitiu identificar momentos-chave, decis\u00f5es estrat\u00e9gicas e debates fundamentais que moldaram a trajet\u00f3ria da extens\u00e3o universit\u00e1ria na institui\u00e7\u00e3o.&nbsp;<\/p>\n<\/div><\/div>\n<\/div><\/div>\n\n\n\n<div style=\"height:100px\" aria-hidden=\"true\" class=\"wp-block-spacer\"><\/div>\n\n\n\n<div class=\"wp-block-media-text alignwide has-media-on-the-right is-stacked-on-mobile is-vertically-aligned-top has-text-color has-link-color wp-elements-836799f9cdced763cef37ad1ebda7149\" style=\"color:#595843;grid-template-columns:auto 45%\"><div class=\"wp-block-media-text__content\">\n<div style=\"height:30px\" aria-hidden=\"true\" class=\"wp-block-spacer\"><\/div>\n\n\n\n<p class=\"has-text-color\" style=\"color:#595843;font-size:32px\">2. Leitura de trabalhos acad\u00eamicos, consulta a especialista e consulta ao acervo&nbsp;<\/p>\n\n\n\n<p class=\"has-text-color\" style=\"color:#000000;font-size:1.2em\">Ap\u00f3s consulta a materiais localizados no acervo da PROEC e de trabalhos acad\u00eamicos feitos sobre o assunto, viu-se a necessidade de revisitar um per\u00edodo hist\u00f3rico maior. Por isso, est\u00e1 sendo proposto o recorte dos \u00faltimos 50 anos, cujo marco temporal \u00e9 cria\u00e7\u00e3o da PRAC (Pr\u00f3-Reitoria de Assuntos Comunit\u00e1rios) em 1974. Para os dez primeiros anos, os dados obtidos pelos documentos e trabalhos acad\u00eamicos basear\u00e3o a linha do tempo para o site da PROEC e a exposi\u00e7\u00e3o futura.&nbsp;<\/p>\n<\/div><figure class=\"wp-block-media-text__media\"><img loading=\"lazy\" decoding=\"async\" width=\"1013\" height=\"1024\" src=\"https:\/\/projetos.ufpr.br\/trajetorias\/wp-content\/uploads\/sites\/28\/2024\/12\/002.jpg\" alt=\"\" class=\"wp-image-789 size-full\" srcset=\"https:\/\/projetos.ufpr.br\/trajetorias\/wp-content\/uploads\/sites\/28\/2024\/12\/002.jpg 1013w, https:\/\/projetos.ufpr.br\/trajetorias\/wp-content\/uploads\/sites\/28\/2024\/12\/002-297x300.jpg 297w, https:\/\/projetos.ufpr.br\/trajetorias\/wp-content\/uploads\/sites\/28\/2024\/12\/002-768x776.jpg 768w, https:\/\/projetos.ufpr.br\/trajetorias\/wp-content\/uploads\/sites\/28\/2024\/12\/002-97x98.jpg 97w, https:\/\/projetos.ufpr.br\/trajetorias\/wp-content\/uploads\/sites\/28\/2024\/12\/002-56x57.jpg 56w\" sizes=\"auto, (max-width: 1013px) 100vw, 1013px\" \/><\/figure><\/div>\n\n\n\n<div style=\"height:100px\" aria-hidden=\"true\" class=\"wp-block-spacer\"><\/div>\n\n\n\n<div class=\"wp-block-media-text alignwide is-stacked-on-mobile is-vertically-aligned-top\" style=\"grid-template-columns:45% auto\"><figure class=\"wp-block-media-text__media\"><img loading=\"lazy\" decoding=\"async\" width=\"1013\" height=\"1024\" src=\"https:\/\/projetos.ufpr.br\/trajetorias\/wp-content\/uploads\/sites\/28\/2024\/12\/003.jpg\" alt=\"\" class=\"wp-image-791 size-full\" srcset=\"https:\/\/projetos.ufpr.br\/trajetorias\/wp-content\/uploads\/sites\/28\/2024\/12\/003.jpg 1013w, https:\/\/projetos.ufpr.br\/trajetorias\/wp-content\/uploads\/sites\/28\/2024\/12\/003-297x300.jpg 297w, https:\/\/projetos.ufpr.br\/trajetorias\/wp-content\/uploads\/sites\/28\/2024\/12\/003-768x776.jpg 768w, https:\/\/projetos.ufpr.br\/trajetorias\/wp-content\/uploads\/sites\/28\/2024\/12\/003-97x98.jpg 97w, https:\/\/projetos.ufpr.br\/trajetorias\/wp-content\/uploads\/sites\/28\/2024\/12\/003-56x57.jpg 56w\" sizes=\"auto, (max-width: 1013px) 100vw, 1013px\" \/><\/figure><div class=\"wp-block-media-text__content\">\n<div style=\"height:30px\" aria-hidden=\"true\" class=\"wp-block-spacer\"><\/div>\n\n\n\n<p class=\"has-text-color\" style=\"color:#595843;font-size:32px\">3. Desenvolvimento de Textos para Publica\u00e7\u00e3o no Site&nbsp;<\/p>\n\n\n\n<p class=\"has-text-color\" style=\"color:#000000;font-size:1.2em\">A partir das informa\u00e7\u00f5es extra\u00eddas das atas, documentos e trabalhos acad\u00eamicos, est\u00e3o sendo elaborados textos para uma linha do tempo que ser\u00e1 utilizada na campanha do projeto no site da Proec. Esses textos destacam os eventos e discuss\u00f5es mais significativos, oferecendo uma vis\u00e3o cronol\u00f3gica e contextualizada da evolu\u00e7\u00e3o das atividades de extens\u00e3o. Al\u00e9m disso, a linha do tempo incluir\u00e1 links para materiais catalogados nos arquivos da Pr\u00f3-Reitoria de Extens\u00e3o e Cultura (Proec), criando uma conex\u00e3o entre o passado e o presente da extens\u00e3o universit\u00e1ria.&nbsp;<\/p>\n<\/div><\/div>\n\n\n\n<div style=\"height:100px\" aria-hidden=\"true\" class=\"wp-block-spacer\"><\/div>\n\n\n\n<div class=\"wp-block-media-text alignwide has-media-on-the-right is-stacked-on-mobile is-vertically-aligned-top\" style=\"grid-template-columns:auto 45%\"><div class=\"wp-block-media-text__content\">\n<div style=\"height:30px\" aria-hidden=\"true\" class=\"wp-block-spacer\"><\/div>\n\n\n\n<p class=\"has-text-color\" style=\"color:#595843;font-size:32px\">4. Digitaliza\u00e7\u00e3o de Materiais e Desenvolvimento da Identidade Visual&nbsp;&nbsp;<\/p>\n\n\n\n<p class=\"has-text-color\" style=\"color:#000000;font-size:1.2em\">A sele\u00e7\u00e3o de materiais, como fotos e documentos, encontrados no arquivo da Proec foram digitalizados para preserva\u00e7\u00e3o para a exposi\u00e7\u00e3o que percorrer\u00e1 os setores da UFPR em 2025. Paralelamente, houve o desenvolvimento a identidade visual do projeto, que ser\u00e1 utilizada tanto na exposi\u00e7\u00e3o quanto na campanha de divulga\u00e7\u00e3o.&nbsp;<\/p>\n<\/div><figure class=\"wp-block-media-text__media\"><img loading=\"lazy\" decoding=\"async\" width=\"1013\" height=\"1024\" src=\"https:\/\/projetos.ufpr.br\/trajetorias\/wp-content\/uploads\/sites\/28\/2024\/12\/004.jpg\" alt=\"\" class=\"wp-image-794 size-full\" srcset=\"https:\/\/projetos.ufpr.br\/trajetorias\/wp-content\/uploads\/sites\/28\/2024\/12\/004.jpg 1013w, https:\/\/projetos.ufpr.br\/trajetorias\/wp-content\/uploads\/sites\/28\/2024\/12\/004-297x300.jpg 297w, https:\/\/projetos.ufpr.br\/trajetorias\/wp-content\/uploads\/sites\/28\/2024\/12\/004-768x776.jpg 768w, https:\/\/projetos.ufpr.br\/trajetorias\/wp-content\/uploads\/sites\/28\/2024\/12\/004-97x98.jpg 97w, https:\/\/projetos.ufpr.br\/trajetorias\/wp-content\/uploads\/sites\/28\/2024\/12\/004-56x57.jpg 56w\" sizes=\"auto, (max-width: 1013px) 100vw, 1013px\" \/><\/figure><\/div>\n\n\n\n<div style=\"height:100px\" aria-hidden=\"true\" class=\"wp-block-spacer\"><\/div>\n\n\n\n<div class=\"wp-block-media-text alignwide is-stacked-on-mobile is-vertically-aligned-top\" style=\"grid-template-columns:45% auto\"><figure class=\"wp-block-media-text__media\"><img loading=\"lazy\" decoding=\"async\" width=\"1013\" height=\"1024\" src=\"https:\/\/projetos.ufpr.br\/trajetorias\/wp-content\/uploads\/sites\/28\/2024\/12\/005.jpg\" alt=\"\" class=\"wp-image-797 size-full\" srcset=\"https:\/\/projetos.ufpr.br\/trajetorias\/wp-content\/uploads\/sites\/28\/2024\/12\/005.jpg 1013w, https:\/\/projetos.ufpr.br\/trajetorias\/wp-content\/uploads\/sites\/28\/2024\/12\/005-297x300.jpg 297w, https:\/\/projetos.ufpr.br\/trajetorias\/wp-content\/uploads\/sites\/28\/2024\/12\/005-768x776.jpg 768w, https:\/\/projetos.ufpr.br\/trajetorias\/wp-content\/uploads\/sites\/28\/2024\/12\/005-97x98.jpg 97w, https:\/\/projetos.ufpr.br\/trajetorias\/wp-content\/uploads\/sites\/28\/2024\/12\/005-56x57.jpg 56w\" sizes=\"auto, (max-width: 1013px) 100vw, 1013px\" \/><\/figure><div class=\"wp-block-media-text__content\">\n<div style=\"height:30px\" aria-hidden=\"true\" class=\"wp-block-spacer\"><\/div>\n\n\n\n<p class=\"has-text-color\" style=\"color:#595843;font-size:32px\">5. Lan\u00e7amento da exposi\u00e7\u00e3o e roda de conversa com personalidades&nbsp;&nbsp;<\/p>\n\n\n\n<p class=\"has-text-color\" style=\"color:#000000;font-size:1.2em\">Durante o lan\u00e7amento, haver\u00e1 uma roda de conversa com personalidades que participaram da constru\u00e7\u00e3o da extens\u00e3o na universidade nos \u00faltimos 50 anos. Cinco pessoas, representando cada uma das cinco d\u00e9cadas retratadas no evento, foram convidadas para falar sobre suas trajet\u00f3rias.&nbsp;<\/p>\n<\/div><\/div>\n\n\n\n<div style=\"height:100px\" aria-hidden=\"true\" class=\"wp-block-spacer\"><\/div>\n\n\n\n<div class=\"wp-block-media-text alignwide has-media-on-the-right is-stacked-on-mobile is-vertically-aligned-top\" style=\"grid-template-columns:auto 45%\"><div class=\"wp-block-media-text__content\">\n<div style=\"height:30px\" aria-hidden=\"true\" class=\"wp-block-spacer\"><\/div>\n\n\n\n<p class=\"has-text-color\" style=\"color:#595843;font-size:32px\">6. Divulga\u00e7\u00e3o nas redes sociais&nbsp;<\/p>\n\n\n\n<p class=\"has-text-color\" style=\"color:#000000;font-size:1.2em\">Alguns acontecimentos de destaque na exposi\u00e7\u00e3o e no site ter\u00e3o sua divulga\u00e7\u00e3o tamb\u00e9m nas redes sociais, a fim de alcan\u00e7ar um p\u00fablico maior e diversificado.&nbsp;<\/p>\n<\/div><figure class=\"wp-block-media-text__media\"><img loading=\"lazy\" decoding=\"async\" width=\"1013\" height=\"1024\" src=\"https:\/\/projetos.ufpr.br\/trajetorias\/wp-content\/uploads\/sites\/28\/2024\/12\/006.jpg\" alt=\"\" class=\"wp-image-801 size-full\" srcset=\"https:\/\/projetos.ufpr.br\/trajetorias\/wp-content\/uploads\/sites\/28\/2024\/12\/006.jpg 1013w, https:\/\/projetos.ufpr.br\/trajetorias\/wp-content\/uploads\/sites\/28\/2024\/12\/006-297x300.jpg 297w, https:\/\/projetos.ufpr.br\/trajetorias\/wp-content\/uploads\/sites\/28\/2024\/12\/006-768x776.jpg 768w, https:\/\/projetos.ufpr.br\/trajetorias\/wp-content\/uploads\/sites\/28\/2024\/12\/006-97x98.jpg 97w, https:\/\/projetos.ufpr.br\/trajetorias\/wp-content\/uploads\/sites\/28\/2024\/12\/006-56x57.jpg 56w\" sizes=\"auto, (max-width: 1013px) 100vw, 1013px\" \/><\/figure><\/div>\n\n\n\n<div style=\"height:100px\" aria-hidden=\"true\" class=\"wp-block-spacer\"><\/div>\n\n\n\n<div class=\"wp-block-media-text alignwide is-stacked-on-mobile is-vertically-aligned-top\" style=\"grid-template-columns:45% auto\"><figure class=\"wp-block-media-text__media\"><a href=\"https:\/\/projetos.ufpr.br\/trajetorias\/conte-sua-historia\/\"><img loading=\"lazy\" decoding=\"async\" width=\"1013\" height=\"1024\" src=\"https:\/\/projetos.ufpr.br\/trajetorias\/wp-content\/uploads\/sites\/28\/2024\/12\/007.jpg\" alt=\"\" class=\"wp-image-806 size-full\" srcset=\"https:\/\/projetos.ufpr.br\/trajetorias\/wp-content\/uploads\/sites\/28\/2024\/12\/007.jpg 1013w, https:\/\/projetos.ufpr.br\/trajetorias\/wp-content\/uploads\/sites\/28\/2024\/12\/007-297x300.jpg 297w, https:\/\/projetos.ufpr.br\/trajetorias\/wp-content\/uploads\/sites\/28\/2024\/12\/007-768x776.jpg 768w, https:\/\/projetos.ufpr.br\/trajetorias\/wp-content\/uploads\/sites\/28\/2024\/12\/007-97x98.jpg 97w, https:\/\/projetos.ufpr.br\/trajetorias\/wp-content\/uploads\/sites\/28\/2024\/12\/007-56x57.jpg 56w\" sizes=\"auto, (max-width: 1013px) 100vw, 1013px\" \/><\/a><\/figure><div class=\"wp-block-media-text__content\">\n<div style=\"height:30px\" aria-hidden=\"true\" class=\"wp-block-spacer\"><\/div>\n\n\n\n<p class=\"has-text-color\" style=\"color:#595843;font-size:32px\">7. Campanha &#8220;Conte a sua hist\u00f3ria\u201d&nbsp;<\/p>\n\n\n\n<p class=\"has-text-color\" style=\"color:#000000;font-size:1.2em\">A partir de 2025, extensionistas que participaram da constitui\u00e7\u00e3o de programas e projetos da UFPR, em diferentes \u00e9pocas, ser\u00e3o convidados a contar suas hist\u00f3rias, a fim de serem publicadas neste site e veiculadas nos canais de comunica\u00e7\u00e3o da universidade.&nbsp;<\/p>\n\n\n\n<div class=\"wp-block-buttons is-layout-flex wp-block-buttons-is-layout-flex\">\n<div class=\"wp-block-button is-style-fill\"><a class=\"wp-block-button__link has-background wp-element-button\" href=\"https:\/\/projetos.ufpr.br\/trajetorias\/conte-sua-historia\/\" style=\"border-radius:15px;background-color:#595843\">saiba mais&#8230;<\/a><\/div>\n<\/div>\n<\/div><\/div>\n\n\n\n<div style=\"height:100px\" aria-hidden=\"true\" class=\"wp-block-spacer\"><\/div>\n\n\n\n<p class=\"has-text-color has-link-color wp-elements-e2ae4b88180afdf1a31bc48e0fc2224c\" style=\"color:#595843;text-transform:uppercase\"><strong>Refer\u00eancia:<\/strong>&nbsp;<\/p>\n\n\n\n<p style=\"font-size:0.9em\">GAIOFATTO, Nadia G; VIEIRA, Carina S. e ANTUNES, Patr\u00edcia S. Extens\u00e3o na Universidade Federal do Paran\u00e1: trajet\u00f3ria hist\u00f3rica. <strong>Extens\u00e3o em Foco<\/strong>, Curitiba: Editora da UFPR, nr.9, jan\/jun 2014, p.3-49. ISSN 2358-7180.&nbsp;<\/p>\n\n\n\n<p><\/p>\n","protected":false},"excerpt":{"rendered":"<p>A Pr\u00f3-Reitoria de Extens\u00e3o e Cultura da Universidade Federal do Paran\u00e1 lan\u00e7a o projeto \u201cTrajet\u00f3rias em Constru\u00e7\u00e3o: 50 anos da Extens\u00e3o na UFPR&nbsp;&nbsp; Este portal tem como objetivo revisitar marcos importantes na constru\u00e7\u00e3o da pol\u00edtica extensionista da institui\u00e7\u00e3o e est\u00e1 em constante atualiza\u00e7\u00e3o, a partir das contribui\u00e7\u00f5es da comunidade da UFPR.&nbsp; De acordo com Gaiofatto, [&hellip;]<\/p>\n","protected":false},"author":8,"featured_media":0,"parent":0,"menu_order":0,"comment_status":"closed","ping_status":"closed","template":"index.php","meta":{"footnotes":""},"class_list":["post-43","page","type-page","status-publish","hentry"],"_links":{"self":[{"href":"https:\/\/projetos.ufpr.br\/trajetorias\/wp-json\/wp\/v2\/pages\/43","targetHints":{"allow":["GET"]}}],"collection":[{"href":"https:\/\/projetos.ufpr.br\/trajetorias\/wp-json\/wp\/v2\/pages"}],"about":[{"href":"https:\/\/projetos.ufpr.br\/trajetorias\/wp-json\/wp\/v2\/types\/page"}],"author":[{"embeddable":true,"href":"https:\/\/projetos.ufpr.br\/trajetorias\/wp-json\/wp\/v2\/users\/8"}],"replies":[{"embeddable":true,"href":"https:\/\/projetos.ufpr.br\/trajetorias\/wp-json\/wp\/v2\/comments?post=43"}],"version-history":[{"count":41,"href":"https:\/\/projetos.ufpr.br\/trajetorias\/wp-json\/wp\/v2\/pages\/43\/revisions"}],"predecessor-version":[{"id":876,"href":"https:\/\/projetos.ufpr.br\/trajetorias\/wp-json\/wp\/v2\/pages\/43\/revisions\/876"}],"wp:attachment":[{"href":"https:\/\/projetos.ufpr.br\/trajetorias\/wp-json\/wp\/v2\/media?parent=43"}],"curies":[{"name":"wp","href":"https:\/\/api.w.org\/{rel}","templated":true}]}}