{"id":846,"date":"2024-12-10T14:20:15","date_gmt":"2024-12-10T17:20:15","guid":{"rendered":"https:\/\/projetos.ufpr.br\/trajetorias\/?page_id=846"},"modified":"2024-12-10T14:21:32","modified_gmt":"2024-12-10T17:21:32","slug":"conte-sua-historia","status":"publish","type":"page","link":"https:\/\/projetos.ufpr.br\/trajetorias\/conte-sua-historia\/","title":{"rendered":"Conte sua hist\u00f3ria"},"content":{"rendered":"\n<p>Voc\u00ea participou de alguma a\u00e7\u00e3o extensionista e quer contar a sua experi\u00eancia?\u00a0 <br>Tem alguma sugest\u00e3o de ajuste nas nossas informa\u00e7\u00f5es? <br><strong>Fale conosco!<\/strong>\u00a0\u00a0<\/p>\n\n\n\n<p>Mande seu material para o e-mail <a href=\"mailto:sac.proec@ufpr.br\" target=\"_blank\" rel=\"noreferrer noopener\">sac.proec@ufpr.br<\/a> <br>e nos ajude a construir a hist\u00f3ria da Extens\u00e3o na UFPR!\u00a0<\/p>\n\n\n\n<p><\/p>\n","protected":false},"excerpt":{"rendered":"<p>Voc\u00ea participou de alguma a\u00e7\u00e3o extensionista e quer contar a sua experi\u00eancia?\u00a0 Tem alguma sugest\u00e3o de ajuste nas nossas informa\u00e7\u00f5es? Fale conosco!\u00a0\u00a0 Mande seu material para o e-mail sac.proec@ufpr.br e nos ajude a construir a hist\u00f3ria da Extens\u00e3o na UFPR!\u00a0<\/p>\n","protected":false},"author":47,"featured_media":0,"parent":0,"menu_order":0,"comment_status":"closed","ping_status":"closed","template":"","meta":{"footnotes":""},"class_list":["post-846","page","type-page","status-publish","hentry"],"_links":{"self":[{"href":"https:\/\/projetos.ufpr.br\/trajetorias\/wp-json\/wp\/v2\/pages\/846","targetHints":{"allow":["GET"]}}],"collection":[{"href":"https:\/\/projetos.ufpr.br\/trajetorias\/wp-json\/wp\/v2\/pages"}],"about":[{"href":"https:\/\/projetos.ufpr.br\/trajetorias\/wp-json\/wp\/v2\/types\/page"}],"author":[{"embeddable":true,"href":"https:\/\/projetos.ufpr.br\/trajetorias\/wp-json\/wp\/v2\/users\/47"}],"replies":[{"embeddable":true,"href":"https:\/\/projetos.ufpr.br\/trajetorias\/wp-json\/wp\/v2\/comments?post=846"}],"version-history":[{"count":2,"href":"https:\/\/projetos.ufpr.br\/trajetorias\/wp-json\/wp\/v2\/pages\/846\/revisions"}],"predecessor-version":[{"id":853,"href":"https:\/\/projetos.ufpr.br\/trajetorias\/wp-json\/wp\/v2\/pages\/846\/revisions\/853"}],"wp:attachment":[{"href":"https:\/\/projetos.ufpr.br\/trajetorias\/wp-json\/wp\/v2\/media?parent=846"}],"curies":[{"name":"wp","href":"https:\/\/api.w.org\/{rel}","templated":true}]}}